{"id":9585,"date":"2022-02-13T11:16:51","date_gmt":"2022-02-13T10:16:51","guid":{"rendered":"https:\/\/www.feuerwehr-poing.de\/?page_id=9585"},"modified":"2022-02-13T19:41:25","modified_gmt":"2022-02-13T18:41:25","slug":"einsatzdrohne","status":"publish","type":"page","link":"https:\/\/www.feuerwehr-poing.de\/?page_id=9585","title":{"rendered":"Einsatzdrohne"},"content":{"rendered":"\n<table id=\"tablepress-29\" class=\"tablepress tablepress-id-29\">\n<tbody class=\"row-striping\">\n<tr class=\"row-1\">\n\t<td class=\"column-1\"><strong>Funkrufname<\/strong><\/td><td class=\"column-2\">Florian Poing Drohne<\/td>\n<\/tr>\n<tr class=\"row-2\">\n\t<td class=\"column-1\"><strong>Typ<\/strong><\/td><td class=\"column-2\">DJI Mavic 2 Enterprise Advanced <\/td>\n<\/tr>\n<tr class=\"row-3\">\n\t<td class=\"column-1\"><strong>max. Abfluggewicht<\/strong><\/td><td class=\"column-2\">1.100g<\/td>\n<\/tr>\n<tr class=\"row-4\">\n\t<td class=\"column-1\"><strong>max. Steigeschwindigkeit<\/strong><\/td><td class=\"column-2\">4 m\/s (S-Modus mit Zubeh\u00f6r)<br \/>\n<\/td>\n<\/tr>\n<tr class=\"row-5\">\n\t<td class=\"column-1\"><strong>max. Sinkgeschwindigkeit<\/strong><\/td><td class=\"column-2\">Vertikaler Sinkflug<br \/>\n4 m\/s (P-Modus)<br \/>\nSturzflug<br \/>\n4 m\/s (P-Modus)<\/td>\n<\/tr>\n<tr class=\"row-6\">\n\t<td class=\"column-1\"><strong>max. Geschwindigkeit<\/strong><\/td><td class=\"column-2\">72 km\/h (S-Modus, ohne Wind)<br \/>\n50 km\/h (P-Modus, ohne Wind) <\/td>\n<\/tr>\n<tr class=\"row-7\">\n\t<td class=\"column-1\"><strong>max. Flugh\u00f6he<\/strong><\/td><td class=\"column-2\">6.000 m<\/td>\n<\/tr>\n<tr class=\"row-8\">\n\t<td class=\"column-1\"><strong>max. Flugzeit<\/strong><\/td><td class=\"column-2\">31 min (gemessen bei 25 km\/h und ohne Wind)<\/td>\n<\/tr>\n<tr class=\"row-9\">\n\t<td class=\"column-1\"><strong>M2EA RGB-Kamera<\/strong><\/td><td class=\"column-2\">Sensor: 1\/2\"-CMOS, Effektive Pixel: 48 MP<br \/>\nObjektiv<br \/>\nSichtfeld: 83\u00b0<br \/>\n35 mm Format<br \/>\n\u00c4quivalent: 24 mm<br \/>\nBlende: f\/2.8<br \/>\nFokus: 1 m bis \u221e<br \/>\n<br \/>\nISO-Bereich<br \/>\nVideo: 100 \u2013 12800 (automatisch)<br \/>\nFoto: 100 \u2013 1600 (automatisch)<br \/>\n<br \/>\nDigitaler Zoom<br \/>\n32\u00d7<br \/>\n<br \/>\nMaximale Aufl\u00f6sung<br \/>\n8.000 \u00d7 6.000<br \/>\n<br \/>\nFotomodi<br \/>\nEinzelaufnahme-Intervall: 2\/3\/5\/7\/10\/15\/20\/30\/60 s<br \/>\nPanorama: Sph\u00e4re<br \/>\n<br \/>\nVideoaufl\u00f6sung<br \/>\n3840\u00d72160 mit 30 fps<br \/>\n1920\u00d71080 mit 30 fps<br \/>\n<br \/>\nFotoformat<br \/>\nJPEG<br \/>\n<br \/>\nVideoformat<br \/>\nMP4<\/td>\n<\/tr>\n<tr class=\"row-10\">\n\t<td class=\"column-1\"><strong>M2EA W\u00e4rmebildkamera<\/strong><\/td><td class=\"column-2\">Sensor<br \/>\nUngek\u00fchltes VOx Mikrobolometer<br \/>\n<br \/>\nBrennweite<br \/>\nCa. 9 mm<br \/>\nEntspricht im 35 mm Format: Ca. 38 mm<br \/>\n<br \/>\nSensoraufl\u00f6sung<br \/>\n640 \u00d7 512 mit 30Hz<br \/>\n<br \/>\nAufnahmebandbreite<br \/>\n-40\u00b0 C bis 150\u00b0 C (hohe Verst\u00e4rkung)<br \/>\n-40\u00b0 C bis 550\u00b0 C (geringe Verst\u00e4rkung)<br \/>\n<br \/>\nDigitaler Zoom<br \/>\n16\u00d7<br \/>\n<br \/>\nFotoformat<br \/>\nR-JPEG<br \/>\n<br \/>\nVideoformat<br \/>\nMP4 <br \/>\n<br \/>\nMessmodus<br \/>\nPunkt- und Bereichsmessung<\/td>\n<\/tr>\n<\/tbody>\n<\/table>\n<!-- #tablepress-29 from cache -->\n<hr>\n<p><strong><u>DJI MAVIC 2 ENTERPRISE ADVANCED \u2013 Einsatzdrohne &#8211; <\/u><\/strong><\/p>\n<p>Diese Drohne vereint geringe Gr\u00f6\u00dfe und Gewicht mit einer kombinierten Realbild- und W\u00e4rmebildkamera.<\/p>\n<p>Mit hochaufl\u00f6senden 640\u00d7512 px &nbsp;W\u00e4rme- und 48 MP RGB-Kameras unterst\u00fctzt die DJI MAVIC 2 ENTERPRISE ADVANCED unsere Eins\u00e4tze. Mit einer bis zu 32-fach Digitalzoom ausgestatteten Kamera k\u00f6nnen wir gut kleine Details an der Unfallstelle erkennen.<\/p>\n<p>Durch Zusatzkomponenten wie den Suchscheinwerfer und den Au\u00dfenlautsprecher erweitert diese Drohne die Einsatzoptionen deutlich.<\/p>\n<p>Sie ist ideal f\u00fcr die flexible Erkundung und kann unsere Eins\u00e4tze auch an schwer zug\u00e4nglichen \u00d6rtlichkeiten unterst\u00fctzen.<\/p>\nngg_shortcode_0_placeholder\n","protected":false},"excerpt":{"rendered":"<p>DJI MAVIC 2 ENTERPRISE ADVANCED \u2013 Einsatzdrohne &#8211; Diese Drohne vereint geringe Gr\u00f6\u00dfe und Gewicht mit einer kombinierten Realbild- und W\u00e4rmebildkamera. Mit hochaufl\u00f6senden 640\u00d7512 px &nbsp;W\u00e4rme- und 48 MP RGB-Kameras unterst\u00fctzt die DJI MAVIC 2 ENTERPRISE ADVANCED unsere Eins\u00e4tze. Mit einer bis zu 32-fach Digitalzoom ausgestatteten Kamera k\u00f6nnen wir gut kleine Details an der Unfallstelle <a class=\"more-link\" href=\"https:\/\/www.feuerwehr-poing.de\/?page_id=9585\">[mehr]<\/a><\/p>\n","protected":false},"author":34,"featured_media":0,"parent":0,"menu_order":0,"comment_status":"closed","ping_status":"closed","template":"","meta":{"ngg_post_thumbnail":0,"footnotes":""},"class_list":["post-9585","page","type-page","status-publish","hentry"],"yoast_head":"<!-- This site is optimized with the Yoast SEO plugin v27.1.1 - https:\/\/yoast.com\/product\/yoast-seo-wordpress\/ -->\n<title>Einsatzdrohne - Freiwillige Feuerwehr Poing<\/title>\n<meta name=\"robots\" content=\"index, follow, max-snippet:-1, max-image-preview:large, max-video-preview:-1\" \/>\n<link rel=\"canonical\" href=\"https:\/\/www.feuerwehr-poing.de\/?page_id=9585\" \/>\n<meta property=\"og:locale\" content=\"de_DE\" \/>\n<meta property=\"og:type\" content=\"article\" \/>\n<meta property=\"og:title\" content=\"Einsatzdrohne - Freiwillige Feuerwehr Poing\" \/>\n<meta property=\"og:description\" content=\"DJI MAVIC 2 ENTERPRISE ADVANCED \u2013 Einsatzdrohne &#8211; Diese Drohne vereint geringe Gr\u00f6\u00dfe und Gewicht mit einer kombinierten Realbild- und W\u00e4rmebildkamera. Mit hochaufl\u00f6senden 640\u00d7512 px &nbsp;W\u00e4rme- und 48 MP RGB-Kameras unterst\u00fctzt die DJI MAVIC 2 ENTERPRISE ADVANCED unsere Eins\u00e4tze. Mit einer bis zu 32-fach Digitalzoom ausgestatteten Kamera k\u00f6nnen wir gut kleine Details an der Unfallstelle [mehr]\" \/>\n<meta property=\"og:url\" content=\"https:\/\/www.feuerwehr-poing.de\/?page_id=9585\" \/>\n<meta property=\"og:site_name\" content=\"Freiwillige Feuerwehr Poing\" \/>\n<meta property=\"article:modified_time\" content=\"2022-02-13T18:41:25+00:00\" \/>\n<meta name=\"twitter:card\" content=\"summary_large_image\" \/>\n<meta name=\"twitter:label1\" content=\"Gesch\u00e4tzte Lesezeit\" \/>\n\t<meta name=\"twitter:data1\" content=\"1\u00a0Minute\" \/>\n<script type=\"application\/ld+json\" class=\"yoast-schema-graph\">{\"@context\":\"https:\/\/schema.org\",\"@graph\":[{\"@type\":\"WebPage\",\"@id\":\"https:\/\/www.feuerwehr-poing.de\/?page_id=9585\",\"url\":\"https:\/\/www.feuerwehr-poing.de\/?page_id=9585\",\"name\":\"Einsatzdrohne - Freiwillige Feuerwehr Poing\",\"isPartOf\":{\"@id\":\"https:\/\/www.feuerwehr-poing.de\/#website\"},\"datePublished\":\"2022-02-13T10:16:51+00:00\",\"dateModified\":\"2022-02-13T18:41:25+00:00\",\"breadcrumb\":{\"@id\":\"https:\/\/www.feuerwehr-poing.de\/?page_id=9585#breadcrumb\"},\"inLanguage\":\"de\",\"potentialAction\":[{\"@type\":\"ReadAction\",\"target\":[\"https:\/\/www.feuerwehr-poing.de\/?page_id=9585\"]}]},{\"@type\":\"BreadcrumbList\",\"@id\":\"https:\/\/www.feuerwehr-poing.de\/?page_id=9585#breadcrumb\",\"itemListElement\":[{\"@type\":\"ListItem\",\"position\":1,\"name\":\"Startseite\",\"item\":\"https:\/\/www.feuerwehr-poing.de\/\"},{\"@type\":\"ListItem\",\"position\":2,\"name\":\"Einsatzdrohne\"}]},{\"@type\":\"WebSite\",\"@id\":\"https:\/\/www.feuerwehr-poing.de\/#website\",\"url\":\"https:\/\/www.feuerwehr-poing.de\/\",\"name\":\"Freiwillige Feuerwehr Poing\",\"description\":\"Retten - L\u00f6schen - Sch\u00fctzen - Bergen\",\"potentialAction\":[{\"@type\":\"SearchAction\",\"target\":{\"@type\":\"EntryPoint\",\"urlTemplate\":\"https:\/\/www.feuerwehr-poing.de\/?s={search_term_string}\"},\"query-input\":{\"@type\":\"PropertyValueSpecification\",\"valueRequired\":true,\"valueName\":\"search_term_string\"}}],\"inLanguage\":\"de\"}]}<\/script>\n<!-- \/ Yoast SEO plugin. -->","yoast_head_json":{"title":"Einsatzdrohne - Freiwillige Feuerwehr Poing","robots":{"index":"index","follow":"follow","max-snippet":"max-snippet:-1","max-image-preview":"max-image-preview:large","max-video-preview":"max-video-preview:-1"},"canonical":"https:\/\/www.feuerwehr-poing.de\/?page_id=9585","og_locale":"de_DE","og_type":"article","og_title":"Einsatzdrohne - Freiwillige Feuerwehr Poing","og_description":"DJI MAVIC 2 ENTERPRISE ADVANCED \u2013 Einsatzdrohne &#8211; Diese Drohne vereint geringe Gr\u00f6\u00dfe und Gewicht mit einer kombinierten Realbild- und W\u00e4rmebildkamera. Mit hochaufl\u00f6senden 640\u00d7512 px &nbsp;W\u00e4rme- und 48 MP RGB-Kameras unterst\u00fctzt die DJI MAVIC 2 ENTERPRISE ADVANCED unsere Eins\u00e4tze. Mit einer bis zu 32-fach Digitalzoom ausgestatteten Kamera k\u00f6nnen wir gut kleine Details an der Unfallstelle [mehr]","og_url":"https:\/\/www.feuerwehr-poing.de\/?page_id=9585","og_site_name":"Freiwillige Feuerwehr Poing","article_modified_time":"2022-02-13T18:41:25+00:00","twitter_card":"summary_large_image","twitter_misc":{"Gesch\u00e4tzte Lesezeit":"1\u00a0Minute"},"schema":{"@context":"https:\/\/schema.org","@graph":[{"@type":"WebPage","@id":"https:\/\/www.feuerwehr-poing.de\/?page_id=9585","url":"https:\/\/www.feuerwehr-poing.de\/?page_id=9585","name":"Einsatzdrohne - Freiwillige Feuerwehr Poing","isPartOf":{"@id":"https:\/\/www.feuerwehr-poing.de\/#website"},"datePublished":"2022-02-13T10:16:51+00:00","dateModified":"2022-02-13T18:41:25+00:00","breadcrumb":{"@id":"https:\/\/www.feuerwehr-poing.de\/?page_id=9585#breadcrumb"},"inLanguage":"de","potentialAction":[{"@type":"ReadAction","target":["https:\/\/www.feuerwehr-poing.de\/?page_id=9585"]}]},{"@type":"BreadcrumbList","@id":"https:\/\/www.feuerwehr-poing.de\/?page_id=9585#breadcrumb","itemListElement":[{"@type":"ListItem","position":1,"name":"Startseite","item":"https:\/\/www.feuerwehr-poing.de\/"},{"@type":"ListItem","position":2,"name":"Einsatzdrohne"}]},{"@type":"WebSite","@id":"https:\/\/www.feuerwehr-poing.de\/#website","url":"https:\/\/www.feuerwehr-poing.de\/","name":"Freiwillige Feuerwehr Poing","description":"Retten - L\u00f6schen - Sch\u00fctzen - Bergen","potentialAction":[{"@type":"SearchAction","target":{"@type":"EntryPoint","urlTemplate":"https:\/\/www.feuerwehr-poing.de\/?s={search_term_string}"},"query-input":{"@type":"PropertyValueSpecification","valueRequired":true,"valueName":"search_term_string"}}],"inLanguage":"de"}]}},"_links":{"self":[{"href":"https:\/\/www.feuerwehr-poing.de\/index.php?rest_route=\/wp\/v2\/pages\/9585","targetHints":{"allow":["GET"]}}],"collection":[{"href":"https:\/\/www.feuerwehr-poing.de\/index.php?rest_route=\/wp\/v2\/pages"}],"about":[{"href":"https:\/\/www.feuerwehr-poing.de\/index.php?rest_route=\/wp\/v2\/types\/page"}],"author":[{"embeddable":true,"href":"https:\/\/www.feuerwehr-poing.de\/index.php?rest_route=\/wp\/v2\/users\/34"}],"replies":[{"embeddable":true,"href":"https:\/\/www.feuerwehr-poing.de\/index.php?rest_route=%2Fwp%2Fv2%2Fcomments&post=9585"}],"version-history":[{"count":4,"href":"https:\/\/www.feuerwehr-poing.de\/index.php?rest_route=\/wp\/v2\/pages\/9585\/revisions"}],"predecessor-version":[{"id":9605,"href":"https:\/\/www.feuerwehr-poing.de\/index.php?rest_route=\/wp\/v2\/pages\/9585\/revisions\/9605"}],"wp:attachment":[{"href":"https:\/\/www.feuerwehr-poing.de\/index.php?rest_route=%2Fwp%2Fv2%2Fmedia&parent=9585"}],"curies":[{"name":"wp","href":"https:\/\/api.w.org\/{rel}","templated":true}]}}