{"id":3655,"date":"2018-01-31T15:30:06","date_gmt":"2018-01-31T14:30:06","guid":{"rendered":"https:\/\/www.feuerwehr-poing.de\/?page_id=3655"},"modified":"2018-04-19T17:31:28","modified_gmt":"2018-04-19T15:31:28","slug":"verkehrssicherungsanhaenger-a-d","status":"publish","type":"page","link":"https:\/\/www.feuerwehr-poing.de\/?page_id=3655","title":{"rendered":"Verkehrssicherungsanh\u00e4nger a. D."},"content":{"rendered":"<p style=\"text-align: center;\">\n<table id=\"tablepress-24\" class=\"tablepress tablepress-id-24\">\n<tbody class=\"row-striping\">\n<tr class=\"row-1\">\n\t<td class=\"column-1\"><strong>Fahrgestell<\/strong><\/td><td class=\"column-2\">- - - <\/td>\n<\/tr>\n<tr class=\"row-2\">\n\t<td class=\"column-1\"><strong>Ausbau<\/strong><\/td><td class=\"column-2\">Nottensteiner<\/td>\n<\/tr>\n<tr class=\"row-3\">\n\t<td class=\"column-1\"><strong>zul\u00e4ssiges Gesamtgewicht<\/strong><\/td><td class=\"column-2\">750kg\t<\/td>\n<\/tr>\n<tr class=\"row-4\">\n\t<td class=\"column-1\"><strong>Baujahr<\/strong><\/td><td class=\"column-2\">1991<\/td>\n<\/tr>\n<tr class=\"row-5\">\n\t<td class=\"column-1\"><strong>Au\u00dferdienststellung<\/strong><\/td><td class=\"column-2\">2015<\/td>\n<\/tr>\n<\/tbody>\n<\/table>\n<!-- #tablepress-24 from cache --><\/p>\n<hr>\n<p style=\"text-align: left;\">Der Verkehrssicherungsanh\u00e4nger (VSA) dient \u00fcberwiegend zur Sicherung auf Autobahnen und Bundesstra\u00dfen. Er wird jedoch auch zur Sicherung an anderen Einsatzstellen eingesetzt.<\/p>\nngg_shortcode_0_placeholder\n","protected":false},"excerpt":{"rendered":"<p>Der Verkehrssicherungsanh\u00e4nger (VSA) dient \u00fcberwiegend zur Sicherung auf Autobahnen und Bundesstra\u00dfen. Er wird jedoch auch zur Sicherung an anderen Einsatzstellen eingesetzt. &#8220; order_by=&#8220;sortorder&#8220; order_direction=&#8220;ASC&#8220; returns=&#8220;included&#8220; maximum_entity_count=&#8220;500&#8243;]<\/p>\n","protected":false},"author":17,"featured_media":0,"parent":0,"menu_order":0,"comment_status":"closed","ping_status":"closed","template":"","meta":{"ngg_post_thumbnail":0,"footnotes":""},"class_list":["post-3655","page","type-page","status-publish","hentry"],"yoast_head":"<!-- This site is optimized with the Yoast SEO plugin v27.1.1 - https:\/\/yoast.com\/product\/yoast-seo-wordpress\/ -->\n<title>Verkehrssicherungsanh\u00e4nger a. D. - Freiwillige Feuerwehr Poing<\/title>\n<meta name=\"robots\" content=\"index, follow, max-snippet:-1, max-image-preview:large, max-video-preview:-1\" \/>\n<link rel=\"canonical\" href=\"https:\/\/www.feuerwehr-poing.de\/?page_id=3655\" \/>\n<meta property=\"og:locale\" content=\"de_DE\" \/>\n<meta property=\"og:type\" content=\"article\" \/>\n<meta property=\"og:title\" content=\"Verkehrssicherungsanh\u00e4nger a. D. - Freiwillige Feuerwehr Poing\" \/>\n<meta property=\"og:description\" content=\"Der Verkehrssicherungsanh\u00e4nger (VSA) dient \u00fcberwiegend zur Sicherung auf Autobahnen und Bundesstra\u00dfen. Er wird jedoch auch zur Sicherung an anderen Einsatzstellen eingesetzt. &#8220; order_by=&#8220;sortorder&#8220; order_direction=&#8220;ASC&#8220; returns=&#8220;included&#8220; maximum_entity_count=&#8220;500&#8243;]\" \/>\n<meta property=\"og:url\" content=\"https:\/\/www.feuerwehr-poing.de\/?page_id=3655\" \/>\n<meta property=\"og:site_name\" content=\"Freiwillige Feuerwehr Poing\" \/>\n<meta property=\"article:modified_time\" content=\"2018-04-19T15:31:28+00:00\" \/>\n<meta name=\"twitter:card\" content=\"summary_large_image\" \/>\n<script type=\"application\/ld+json\" class=\"yoast-schema-graph\">{\"@context\":\"https:\/\/schema.org\",\"@graph\":[{\"@type\":\"WebPage\",\"@id\":\"https:\/\/www.feuerwehr-poing.de\/?page_id=3655\",\"url\":\"https:\/\/www.feuerwehr-poing.de\/?page_id=3655\",\"name\":\"Verkehrssicherungsanh\u00e4nger a. D. - Freiwillige Feuerwehr Poing\",\"isPartOf\":{\"@id\":\"https:\/\/www.feuerwehr-poing.de\/#website\"},\"datePublished\":\"2018-01-31T14:30:06+00:00\",\"dateModified\":\"2018-04-19T15:31:28+00:00\",\"breadcrumb\":{\"@id\":\"https:\/\/www.feuerwehr-poing.de\/?page_id=3655#breadcrumb\"},\"inLanguage\":\"de\",\"potentialAction\":[{\"@type\":\"ReadAction\",\"target\":[\"https:\/\/www.feuerwehr-poing.de\/?page_id=3655\"]}]},{\"@type\":\"BreadcrumbList\",\"@id\":\"https:\/\/www.feuerwehr-poing.de\/?page_id=3655#breadcrumb\",\"itemListElement\":[{\"@type\":\"ListItem\",\"position\":1,\"name\":\"Startseite\",\"item\":\"https:\/\/www.feuerwehr-poing.de\/\"},{\"@type\":\"ListItem\",\"position\":2,\"name\":\"Verkehrssicherungsanh\u00e4nger a. D.\"}]},{\"@type\":\"WebSite\",\"@id\":\"https:\/\/www.feuerwehr-poing.de\/#website\",\"url\":\"https:\/\/www.feuerwehr-poing.de\/\",\"name\":\"Freiwillige Feuerwehr Poing\",\"description\":\"Retten - L\u00f6schen - Sch\u00fctzen - Bergen\",\"potentialAction\":[{\"@type\":\"SearchAction\",\"target\":{\"@type\":\"EntryPoint\",\"urlTemplate\":\"https:\/\/www.feuerwehr-poing.de\/?s={search_term_string}\"},\"query-input\":{\"@type\":\"PropertyValueSpecification\",\"valueRequired\":true,\"valueName\":\"search_term_string\"}}],\"inLanguage\":\"de\"}]}<\/script>\n<!-- \/ Yoast SEO plugin. -->","yoast_head_json":{"title":"Verkehrssicherungsanh\u00e4nger a. D. - Freiwillige Feuerwehr Poing","robots":{"index":"index","follow":"follow","max-snippet":"max-snippet:-1","max-image-preview":"max-image-preview:large","max-video-preview":"max-video-preview:-1"},"canonical":"https:\/\/www.feuerwehr-poing.de\/?page_id=3655","og_locale":"de_DE","og_type":"article","og_title":"Verkehrssicherungsanh\u00e4nger a. D. - Freiwillige Feuerwehr Poing","og_description":"Der Verkehrssicherungsanh\u00e4nger (VSA) dient \u00fcberwiegend zur Sicherung auf Autobahnen und Bundesstra\u00dfen. Er wird jedoch auch zur Sicherung an anderen Einsatzstellen eingesetzt. &#8220; order_by=&#8220;sortorder&#8220; order_direction=&#8220;ASC&#8220; returns=&#8220;included&#8220; maximum_entity_count=&#8220;500&#8243;]","og_url":"https:\/\/www.feuerwehr-poing.de\/?page_id=3655","og_site_name":"Freiwillige Feuerwehr Poing","article_modified_time":"2018-04-19T15:31:28+00:00","twitter_card":"summary_large_image","schema":{"@context":"https:\/\/schema.org","@graph":[{"@type":"WebPage","@id":"https:\/\/www.feuerwehr-poing.de\/?page_id=3655","url":"https:\/\/www.feuerwehr-poing.de\/?page_id=3655","name":"Verkehrssicherungsanh\u00e4nger a. D. - Freiwillige Feuerwehr Poing","isPartOf":{"@id":"https:\/\/www.feuerwehr-poing.de\/#website"},"datePublished":"2018-01-31T14:30:06+00:00","dateModified":"2018-04-19T15:31:28+00:00","breadcrumb":{"@id":"https:\/\/www.feuerwehr-poing.de\/?page_id=3655#breadcrumb"},"inLanguage":"de","potentialAction":[{"@type":"ReadAction","target":["https:\/\/www.feuerwehr-poing.de\/?page_id=3655"]}]},{"@type":"BreadcrumbList","@id":"https:\/\/www.feuerwehr-poing.de\/?page_id=3655#breadcrumb","itemListElement":[{"@type":"ListItem","position":1,"name":"Startseite","item":"https:\/\/www.feuerwehr-poing.de\/"},{"@type":"ListItem","position":2,"name":"Verkehrssicherungsanh\u00e4nger a. D."}]},{"@type":"WebSite","@id":"https:\/\/www.feuerwehr-poing.de\/#website","url":"https:\/\/www.feuerwehr-poing.de\/","name":"Freiwillige Feuerwehr Poing","description":"Retten - L\u00f6schen - Sch\u00fctzen - Bergen","potentialAction":[{"@type":"SearchAction","target":{"@type":"EntryPoint","urlTemplate":"https:\/\/www.feuerwehr-poing.de\/?s={search_term_string}"},"query-input":{"@type":"PropertyValueSpecification","valueRequired":true,"valueName":"search_term_string"}}],"inLanguage":"de"}]}},"_links":{"self":[{"href":"https:\/\/www.feuerwehr-poing.de\/index.php?rest_route=\/wp\/v2\/pages\/3655","targetHints":{"allow":["GET"]}}],"collection":[{"href":"https:\/\/www.feuerwehr-poing.de\/index.php?rest_route=\/wp\/v2\/pages"}],"about":[{"href":"https:\/\/www.feuerwehr-poing.de\/index.php?rest_route=\/wp\/v2\/types\/page"}],"author":[{"embeddable":true,"href":"https:\/\/www.feuerwehr-poing.de\/index.php?rest_route=\/wp\/v2\/users\/17"}],"replies":[{"embeddable":true,"href":"https:\/\/www.feuerwehr-poing.de\/index.php?rest_route=%2Fwp%2Fv2%2Fcomments&post=3655"}],"version-history":[{"count":7,"href":"https:\/\/www.feuerwehr-poing.de\/index.php?rest_route=\/wp\/v2\/pages\/3655\/revisions"}],"predecessor-version":[{"id":4126,"href":"https:\/\/www.feuerwehr-poing.de\/index.php?rest_route=\/wp\/v2\/pages\/3655\/revisions\/4126"}],"wp:attachment":[{"href":"https:\/\/www.feuerwehr-poing.de\/index.php?rest_route=%2Fwp%2Fv2%2Fmedia&parent=3655"}],"curies":[{"name":"wp","href":"https:\/\/api.w.org\/{rel}","templated":true}]}}