{"id":3593,"date":"2018-01-31T14:42:37","date_gmt":"2018-01-31T13:42:37","guid":{"rendered":"https:\/\/www.feuerwehr-poing.de\/?page_id=3593"},"modified":"2018-04-19T17:24:43","modified_gmt":"2018-04-19T15:24:43","slug":"florian-poing-11-1","status":"publish","type":"page","link":"https:\/\/www.feuerwehr-poing.de\/?page_id=3593","title":{"rendered":"Florian Poing 11\/1"},"content":{"rendered":"<p style=\"text-align: center;\">\n<table id=\"tablepress-23\" class=\"tablepress tablepress-id-23\">\n<tbody class=\"row-striping\">\n<tr class=\"row-1\">\n\t<td class=\"column-1\"><strong>Funkrufname<\/strong><\/td><td class=\"column-2\">Florian Poing 11\/1<\/td>\n<\/tr>\n<tr class=\"row-2\">\n\t<td class=\"column-1\"><strong>Besatzung<\/strong><\/td><td class=\"column-2\">1\/5<\/td>\n<\/tr>\n<tr class=\"row-3\">\n\t<td class=\"column-1\"><strong>Fahrgestell<\/strong><\/td><td class=\"column-2\">Mercedes-Benz Sprinter<\/td>\n<\/tr>\n<tr class=\"row-4\">\n\t<td class=\"column-1\"><strong>Baujahr<\/strong><\/td><td class=\"column-2\">2018<\/td>\n<\/tr>\n<tr class=\"row-5\">\n\t<td class=\"column-1\"><strong>Aufbau<\/strong><\/td><td class=\"column-2\">Rosenbauer<\/td>\n<\/tr>\n<tr class=\"row-6\">\n\t<td class=\"column-1\"><strong>Leistung<\/strong><\/td><td class=\"column-2\">120 kw<\/td>\n<\/tr>\n<tr class=\"row-7\">\n\t<td class=\"column-1\"><strong>Hubraum<\/strong><\/td><td class=\"column-2\">2143 ccm<\/td>\n<\/tr>\n<tr class=\"row-8\">\n\t<td class=\"column-1\"><strong>zul\u00e4ssiges Gesamtgewicht<\/strong><\/td><td class=\"column-2\">3500kg<\/td>\n<\/tr>\n<\/tbody>\n<\/table>\n<!-- #tablepress-23 from cache --><\/p>\n<hr>\n<p style=\"text-align: left;\">Das Mehrzweckfahrzeug dient als Mannschaftstransporter, zur Materialbef\u00f6rderung&nbsp;und als Zugfahrzeug f\u00fcr die verschiedenen Anh\u00e4nger.<\/p>\n<p>&nbsp;<\/p>\nngg_shortcode_0_placeholder\n","protected":false},"excerpt":{"rendered":"<p>Das Mehrzweckfahrzeug dient als Mannschaftstransporter, zur Materialbef\u00f6rderung&nbsp;und als Zugfahrzeug f\u00fcr die verschiedenen Anh\u00e4nger. &nbsp; &#8220; order_by=&#8220;sortorder&#8220; order_direction=&#8220;ASC&#8220; returns=&#8220;included&#8220; maximum_entity_count=&#8220;500&#8243;]<\/p>\n","protected":false},"author":17,"featured_media":0,"parent":1101,"menu_order":0,"comment_status":"closed","ping_status":"closed","template":"","meta":{"ngg_post_thumbnail":0,"footnotes":""},"class_list":["post-3593","page","type-page","status-publish","hentry"],"yoast_head":"<!-- This site is optimized with the Yoast SEO plugin v27.4 - https:\/\/yoast.com\/product\/yoast-seo-wordpress\/ -->\n<title>Florian Poing 11\/1 - Freiwillige Feuerwehr Poing<\/title>\n<meta name=\"robots\" content=\"index, follow, max-snippet:-1, max-image-preview:large, max-video-preview:-1\" \/>\n<link rel=\"canonical\" href=\"https:\/\/www.feuerwehr-poing.de\/?page_id=3593\" \/>\n<meta property=\"og:locale\" content=\"de_DE\" \/>\n<meta property=\"og:type\" content=\"article\" \/>\n<meta property=\"og:title\" content=\"Florian Poing 11\/1 - Freiwillige Feuerwehr Poing\" \/>\n<meta property=\"og:description\" content=\"Das Mehrzweckfahrzeug dient als Mannschaftstransporter, zur Materialbef\u00f6rderung&nbsp;und als Zugfahrzeug f\u00fcr die verschiedenen Anh\u00e4nger. &nbsp; &#8220; order_by=&#8220;sortorder&#8220; order_direction=&#8220;ASC&#8220; returns=&#8220;included&#8220; maximum_entity_count=&#8220;500&#8243;]\" \/>\n<meta property=\"og:url\" content=\"https:\/\/www.feuerwehr-poing.de\/?page_id=3593\" \/>\n<meta property=\"og:site_name\" content=\"Freiwillige Feuerwehr Poing\" \/>\n<meta property=\"article:modified_time\" content=\"2018-04-19T15:24:43+00:00\" \/>\n<meta name=\"twitter:card\" content=\"summary_large_image\" \/>\n<script type=\"application\/ld+json\" class=\"yoast-schema-graph\">{\"@context\":\"https:\\\/\\\/schema.org\",\"@graph\":[{\"@type\":\"WebPage\",\"@id\":\"https:\\\/\\\/www.feuerwehr-poing.de\\\/?page_id=3593\",\"url\":\"https:\\\/\\\/www.feuerwehr-poing.de\\\/?page_id=3593\",\"name\":\"Florian Poing 11\\\/1 - Freiwillige Feuerwehr Poing\",\"isPartOf\":{\"@id\":\"https:\\\/\\\/www.feuerwehr-poing.de\\\/#website\"},\"datePublished\":\"2018-01-31T13:42:37+00:00\",\"dateModified\":\"2018-04-19T15:24:43+00:00\",\"breadcrumb\":{\"@id\":\"https:\\\/\\\/www.feuerwehr-poing.de\\\/?page_id=3593#breadcrumb\"},\"inLanguage\":\"de\",\"potentialAction\":[{\"@type\":\"ReadAction\",\"target\":[\"https:\\\/\\\/www.feuerwehr-poing.de\\\/?page_id=3593\"]}]},{\"@type\":\"BreadcrumbList\",\"@id\":\"https:\\\/\\\/www.feuerwehr-poing.de\\\/?page_id=3593#breadcrumb\",\"itemListElement\":[{\"@type\":\"ListItem\",\"position\":1,\"name\":\"Startseite\",\"item\":\"https:\\\/\\\/www.feuerwehr-poing.de\\\/\"},{\"@type\":\"ListItem\",\"position\":2,\"name\":\"Fahrzeuge\",\"item\":\"https:\\\/\\\/www.feuerwehr-poing.de\\\/?page_id=1101\"},{\"@type\":\"ListItem\",\"position\":3,\"name\":\"Florian Poing 11\\\/1\"}]},{\"@type\":\"WebSite\",\"@id\":\"https:\\\/\\\/www.feuerwehr-poing.de\\\/#website\",\"url\":\"https:\\\/\\\/www.feuerwehr-poing.de\\\/\",\"name\":\"Freiwillige Feuerwehr Poing\",\"description\":\"Retten - L\u00f6schen - Sch\u00fctzen - Bergen\",\"potentialAction\":[{\"@type\":\"SearchAction\",\"target\":{\"@type\":\"EntryPoint\",\"urlTemplate\":\"https:\\\/\\\/www.feuerwehr-poing.de\\\/?s={search_term_string}\"},\"query-input\":{\"@type\":\"PropertyValueSpecification\",\"valueRequired\":true,\"valueName\":\"search_term_string\"}}],\"inLanguage\":\"de\"}]}<\/script>\n<!-- \/ Yoast SEO plugin. -->","yoast_head_json":{"title":"Florian Poing 11\/1 - Freiwillige Feuerwehr Poing","robots":{"index":"index","follow":"follow","max-snippet":"max-snippet:-1","max-image-preview":"max-image-preview:large","max-video-preview":"max-video-preview:-1"},"canonical":"https:\/\/www.feuerwehr-poing.de\/?page_id=3593","og_locale":"de_DE","og_type":"article","og_title":"Florian Poing 11\/1 - Freiwillige Feuerwehr Poing","og_description":"Das Mehrzweckfahrzeug dient als Mannschaftstransporter, zur Materialbef\u00f6rderung&nbsp;und als Zugfahrzeug f\u00fcr die verschiedenen Anh\u00e4nger. &nbsp; &#8220; order_by=&#8220;sortorder&#8220; order_direction=&#8220;ASC&#8220; returns=&#8220;included&#8220; maximum_entity_count=&#8220;500&#8243;]","og_url":"https:\/\/www.feuerwehr-poing.de\/?page_id=3593","og_site_name":"Freiwillige Feuerwehr Poing","article_modified_time":"2018-04-19T15:24:43+00:00","twitter_card":"summary_large_image","schema":{"@context":"https:\/\/schema.org","@graph":[{"@type":"WebPage","@id":"https:\/\/www.feuerwehr-poing.de\/?page_id=3593","url":"https:\/\/www.feuerwehr-poing.de\/?page_id=3593","name":"Florian Poing 11\/1 - Freiwillige Feuerwehr Poing","isPartOf":{"@id":"https:\/\/www.feuerwehr-poing.de\/#website"},"datePublished":"2018-01-31T13:42:37+00:00","dateModified":"2018-04-19T15:24:43+00:00","breadcrumb":{"@id":"https:\/\/www.feuerwehr-poing.de\/?page_id=3593#breadcrumb"},"inLanguage":"de","potentialAction":[{"@type":"ReadAction","target":["https:\/\/www.feuerwehr-poing.de\/?page_id=3593"]}]},{"@type":"BreadcrumbList","@id":"https:\/\/www.feuerwehr-poing.de\/?page_id=3593#breadcrumb","itemListElement":[{"@type":"ListItem","position":1,"name":"Startseite","item":"https:\/\/www.feuerwehr-poing.de\/"},{"@type":"ListItem","position":2,"name":"Fahrzeuge","item":"https:\/\/www.feuerwehr-poing.de\/?page_id=1101"},{"@type":"ListItem","position":3,"name":"Florian Poing 11\/1"}]},{"@type":"WebSite","@id":"https:\/\/www.feuerwehr-poing.de\/#website","url":"https:\/\/www.feuerwehr-poing.de\/","name":"Freiwillige Feuerwehr Poing","description":"Retten - L\u00f6schen - Sch\u00fctzen - Bergen","potentialAction":[{"@type":"SearchAction","target":{"@type":"EntryPoint","urlTemplate":"https:\/\/www.feuerwehr-poing.de\/?s={search_term_string}"},"query-input":{"@type":"PropertyValueSpecification","valueRequired":true,"valueName":"search_term_string"}}],"inLanguage":"de"}]}},"_links":{"self":[{"href":"https:\/\/www.feuerwehr-poing.de\/index.php?rest_route=\/wp\/v2\/pages\/3593","targetHints":{"allow":["GET"]}}],"collection":[{"href":"https:\/\/www.feuerwehr-poing.de\/index.php?rest_route=\/wp\/v2\/pages"}],"about":[{"href":"https:\/\/www.feuerwehr-poing.de\/index.php?rest_route=\/wp\/v2\/types\/page"}],"author":[{"embeddable":true,"href":"https:\/\/www.feuerwehr-poing.de\/index.php?rest_route=\/wp\/v2\/users\/17"}],"replies":[{"embeddable":true,"href":"https:\/\/www.feuerwehr-poing.de\/index.php?rest_route=%2Fwp%2Fv2%2Fcomments&post=3593"}],"version-history":[{"count":10,"href":"https:\/\/www.feuerwehr-poing.de\/index.php?rest_route=\/wp\/v2\/pages\/3593\/revisions"}],"predecessor-version":[{"id":4112,"href":"https:\/\/www.feuerwehr-poing.de\/index.php?rest_route=\/wp\/v2\/pages\/3593\/revisions\/4112"}],"up":[{"embeddable":true,"href":"https:\/\/www.feuerwehr-poing.de\/index.php?rest_route=\/wp\/v2\/pages\/1101"}],"wp:attachment":[{"href":"https:\/\/www.feuerwehr-poing.de\/index.php?rest_route=%2Fwp%2Fv2%2Fmedia&parent=3593"}],"curies":[{"name":"wp","href":"https:\/\/api.w.org\/{rel}","templated":true}]}}