{"id":294,"date":"2016-01-24T08:36:11","date_gmt":"2016-01-24T08:36:11","guid":{"rendered":"https:\/\/www.feuerwehr-poing.de\/?page_id=294"},"modified":"2019-01-09T20:29:11","modified_gmt":"2019-01-09T19:29:11","slug":"fahrzeughalle","status":"publish","type":"page","link":"https:\/\/www.feuerwehr-poing.de\/?page_id=294","title":{"rendered":"Fahrzeughalle"},"content":{"rendered":"<p style=\"text-align: justify;\">Die Fahrzeughalle bietet Platz f\u00fcr insgesamt 8 <a href=\"https:\/\/www.feuerwehr-poing.de\/?page_id=1101\">Fahrzeuge<\/a>. Zus\u00e4tzlich gibt es eine weitere Halle, die als Waschhalle fungiert. Sie ist mit einem Hochdruckreiniger sowie einem \u00d6labscheidesystem ausger\u00fcstet.<\/p>\n<p style=\"text-align: justify;\">F\u00fcr jeden Fahrzeugstellplatz gibt es eine eigene Abgasabsauganlage. Durch ein vollautomatisches Ladesystem mit prozessorgesteuertem Batterietest und integrierter Stellplatz\u00fcberwachung, sowie einer Druckluftversorgung, kann die Einsatzbereitschaft f\u00fcr jedes Fahrzeug aufrecht erhalten werden.<\/p>\n<p style=\"text-align: justify;\">Des Weiteren steht eine Stiefelwaschanlage zur Verf\u00fcgung. Dies bietet den Kameraden die M\u00f6glichkeit, sowohl ihre Ausr\u00fcstung, als auch die Fahrzeughalle stehts sauber zu halten.<\/p>\n<p style=\"text-align: justify;\">An den W\u00e4nden befinden sich die Spinde f\u00fcr die aktiven und jugendlichen Mitglieder. Insgesamt stehen 95 Spinde mit Helmhalterung f\u00fcr die pers\u00f6nliche Schutzausr\u00fcstung zur Verf\u00fcgung.<\/p>\n<p>&nbsp;<\/p>\n<p>&nbsp;<\/p>\n<p><strong>Alarm-Informations-System \u201eILS-Nuntius\u201c<\/strong><\/p>\n<p>&nbsp;<\/p>\n<div id=\"attachment_374\" style=\"width: 410px\" class=\"wp-caption alignleft\"><img loading=\"lazy\" decoding=\"async\" aria-describedby=\"caption-attachment-374\" class=\"wp-image-374\" src=\"https:\/\/www.feuerwehr-poing.de\/wp-content\/uploads\/2016\/01\/ILS3-300x166.png\" alt=\"Anzeige bei einem Einsatz\" width=\"400\" height=\"221\" srcset=\"https:\/\/www.feuerwehr-poing.de\/wp-content\/uploads\/2016\/01\/ILS3-300x166.png 300w, https:\/\/www.feuerwehr-poing.de\/wp-content\/uploads\/2016\/01\/ILS3-768x425.png 768w, https:\/\/www.feuerwehr-poing.de\/wp-content\/uploads\/2016\/01\/ILS3.png 954w\" sizes=\"auto, (max-width: 400px) 100vw, 400px\" \/><p id=\"caption-attachment-374\" class=\"wp-caption-text\">Anzeige bei einem Einsatz<\/p><\/div>\n<p style=\"text-align: justify;\">Die Feuerwehr\u00a0 Poing hat in Zusammenarbeit mit der Firma Klein Kommunikationstechnik sowie der Firma FITT GmbH ein Alarm-Informations-System (ILS-Nuntius) in Betrieb genommen, um die Einsatzkr\u00e4fte beim Eintreffen im Feuerwehrhaus schnell und pr\u00e4zise \u00fcber den bevorstehenden Einsatz zu informieren. Angezeigt werden das Alarmstichwort sowie Alarmschlagwort, die Einsatzadresse, disponierte Fahrzeuge sowie der Einsatzort auf einer Karte.<\/p>\n<p style=\"text-align: justify;\">Der Empfang und die Auswertung der Daten erfolgt voll automatisch. Das empfangene Alarmfax wird\u00a0von der Integrierten Leitstelle Erding (ILS Erding) versendet.<\/p>\n<p>&nbsp;<\/p>\n<p>&nbsp;<\/p>\n<p>&nbsp;<\/p>\n<div id=\"attachment_373\" style=\"width: 310px\" class=\"wp-caption alignright\"><a href=\"https:\/\/www.feuerwehr-poing.de\/wp-content\/uploads\/2016\/01\/ILS2.png\" target=\"_blank\" rel=\"attachment noopener wp-att-373\"><img loading=\"lazy\" decoding=\"async\" aria-describedby=\"caption-attachment-373\" class=\"wp-image-373 size-medium\" src=\"https:\/\/www.feuerwehr-poing.de\/wp-content\/uploads\/2016\/01\/ILS2-300x200.png\" alt=\"ILS2\" width=\"300\" height=\"200\" srcset=\"https:\/\/www.feuerwehr-poing.de\/wp-content\/uploads\/2016\/01\/ILS2-300x200.png 300w, https:\/\/www.feuerwehr-poing.de\/wp-content\/uploads\/2016\/01\/ILS2.png 518w\" sizes=\"auto, (max-width: 300px) 100vw, 300px\" \/><\/a><p id=\"caption-attachment-373\" class=\"wp-caption-text\">Einfache Einsatzmittelverwaltung<\/p><\/div>\n<p style=\"text-align: justify;\">Zur Darstellung des Alarm-Informations-Systems stehen in der Funkzentrale ein 24\u201c Monitor, in der Fahrzeughalle 2 60\u201c Monitore sowie ein 24\u201c Touchscreen neben den Spinten der F\u00fchrungskr\u00e4fte zur Verf\u00fcgung. Mittels des Touchscreens k\u00f6nnen \u00c4nderungen der zu besetzenden Fahrzeuge und\u00a0ben\u00f6tigten Ger\u00e4te wie z.B. Tauchpumpe, Bergefass usw. vorgenommen werden.<\/p>\n<p>&nbsp;<\/p>\n<p>&nbsp;<\/p>\n<p>&nbsp;<\/p>\n<p>&nbsp;<\/p>\n<div id=\"attachment_372\" style=\"width: 310px\" class=\"wp-caption alignleft\"><a href=\"https:\/\/www.feuerwehr-poing.de\/wp-content\/uploads\/2016\/01\/ILS1.png\" target=\"_blank\" rel=\"attachment noopener wp-att-372\"><img loading=\"lazy\" decoding=\"async\" aria-describedby=\"caption-attachment-372\" class=\"wp-image-372 size-medium\" src=\"https:\/\/www.feuerwehr-poing.de\/wp-content\/uploads\/2016\/01\/ILS1-300x200.png\" alt=\"ILS1\" width=\"300\" height=\"200\" srcset=\"https:\/\/www.feuerwehr-poing.de\/wp-content\/uploads\/2016\/01\/ILS1-300x200.png 300w, https:\/\/www.feuerwehr-poing.de\/wp-content\/uploads\/2016\/01\/ILS1.png 518w\" sizes=\"auto, (max-width: 300px) 100vw, 300px\" \/><\/a><p id=\"caption-attachment-372\" class=\"wp-caption-text\">Zentrale Anzeige in Fahrzeughalle<\/p><\/div>\n<p style=\"text-align: justify;\">Zur Darstellung des Einsatzortes wird Kartenmaterial von OpenStreetMap verwendet. Der Vorteil an OpenStreetMap ist, das das Kartenmaterial selbst gepflegt und verbessert werden kann, bei kommerziellen Anbietern fehlt diese M\u00f6glichkeit und die Karten sind verh\u00e4ltnism\u00e4\u00dfig ungenau, Geb\u00e4ude werden nicht dargestellt, diverse kleinere Stra\u00dfen fehlen, von Waldwegen ganz zu schweigen.<\/p>\n","protected":false},"excerpt":{"rendered":"<p>Die Fahrzeughalle bietet Platz f\u00fcr insgesamt 8 Fahrzeuge. Zus\u00e4tzlich gibt es eine weitere Halle, die als Waschhalle fungiert. Sie ist mit einem Hochdruckreiniger sowie einem \u00d6labscheidesystem ausger\u00fcstet. F\u00fcr jeden Fahrzeugstellplatz gibt es eine eigene Abgasabsauganlage. Durch ein vollautomatisches Ladesystem mit prozessorgesteuertem Batterietest und integrierter Stellplatz\u00fcberwachung, sowie einer Druckluftversorgung, kann die Einsatzbereitschaft f\u00fcr jedes Fahrzeug aufrecht <a class=\"more-link\" href=\"https:\/\/www.feuerwehr-poing.de\/?page_id=294\">[mehr]<\/a><\/p>\n","protected":false},"author":18,"featured_media":0,"parent":0,"menu_order":0,"comment_status":"closed","ping_status":"closed","template":"","meta":{"ngg_post_thumbnail":0,"footnotes":""},"class_list":["post-294","page","type-page","status-publish","hentry"],"yoast_head":"<!-- This site is optimized with the Yoast SEO plugin v27.3 - https:\/\/yoast.com\/product\/yoast-seo-wordpress\/ -->\n<title>Fahrzeughalle - Freiwillige Feuerwehr Poing<\/title>\n<meta name=\"robots\" content=\"index, follow, max-snippet:-1, max-image-preview:large, max-video-preview:-1\" \/>\n<link rel=\"canonical\" href=\"https:\/\/www.feuerwehr-poing.de\/?page_id=294\" \/>\n<meta property=\"og:locale\" content=\"de_DE\" \/>\n<meta property=\"og:type\" content=\"article\" \/>\n<meta property=\"og:title\" content=\"Fahrzeughalle - Freiwillige Feuerwehr Poing\" \/>\n<meta property=\"og:description\" content=\"Die Fahrzeughalle bietet Platz f\u00fcr insgesamt 8 Fahrzeuge. Zus\u00e4tzlich gibt es eine weitere Halle, die als Waschhalle fungiert. Sie ist mit einem Hochdruckreiniger sowie einem \u00d6labscheidesystem ausger\u00fcstet. F\u00fcr jeden Fahrzeugstellplatz gibt es eine eigene Abgasabsauganlage. Durch ein vollautomatisches Ladesystem mit prozessorgesteuertem Batterietest und integrierter Stellplatz\u00fcberwachung, sowie einer Druckluftversorgung, kann die Einsatzbereitschaft f\u00fcr jedes Fahrzeug aufrecht [mehr]\" \/>\n<meta property=\"og:url\" content=\"https:\/\/www.feuerwehr-poing.de\/?page_id=294\" \/>\n<meta property=\"og:site_name\" content=\"Freiwillige Feuerwehr Poing\" \/>\n<meta property=\"article:modified_time\" content=\"2019-01-09T19:29:11+00:00\" \/>\n<meta property=\"og:image\" content=\"https:\/\/www.feuerwehr-poing.de\/wp-content\/uploads\/2016\/01\/ILS3-300x166.png\" \/>\n<meta name=\"twitter:card\" content=\"summary_large_image\" \/>\n<meta name=\"twitter:label1\" content=\"Gesch\u00e4tzte Lesezeit\" \/>\n\t<meta name=\"twitter:data1\" content=\"2\u00a0Minuten\" \/>\n<script type=\"application\/ld+json\" class=\"yoast-schema-graph\">{\"@context\":\"https:\\\/\\\/schema.org\",\"@graph\":[{\"@type\":\"WebPage\",\"@id\":\"https:\\\/\\\/www.feuerwehr-poing.de\\\/?page_id=294\",\"url\":\"https:\\\/\\\/www.feuerwehr-poing.de\\\/?page_id=294\",\"name\":\"Fahrzeughalle - Freiwillige Feuerwehr Poing\",\"isPartOf\":{\"@id\":\"https:\\\/\\\/www.feuerwehr-poing.de\\\/#website\"},\"primaryImageOfPage\":{\"@id\":\"https:\\\/\\\/www.feuerwehr-poing.de\\\/?page_id=294#primaryimage\"},\"image\":{\"@id\":\"https:\\\/\\\/www.feuerwehr-poing.de\\\/?page_id=294#primaryimage\"},\"thumbnailUrl\":\"https:\\\/\\\/www.feuerwehr-poing.de\\\/wp-content\\\/uploads\\\/2016\\\/01\\\/ILS3-300x166.png\",\"datePublished\":\"2016-01-24T08:36:11+00:00\",\"dateModified\":\"2019-01-09T19:29:11+00:00\",\"breadcrumb\":{\"@id\":\"https:\\\/\\\/www.feuerwehr-poing.de\\\/?page_id=294#breadcrumb\"},\"inLanguage\":\"de\",\"potentialAction\":[{\"@type\":\"ReadAction\",\"target\":[\"https:\\\/\\\/www.feuerwehr-poing.de\\\/?page_id=294\"]}]},{\"@type\":\"ImageObject\",\"inLanguage\":\"de\",\"@id\":\"https:\\\/\\\/www.feuerwehr-poing.de\\\/?page_id=294#primaryimage\",\"url\":\"https:\\\/\\\/www.feuerwehr-poing.de\\\/wp-content\\\/uploads\\\/2016\\\/01\\\/ILS3.png\",\"contentUrl\":\"https:\\\/\\\/www.feuerwehr-poing.de\\\/wp-content\\\/uploads\\\/2016\\\/01\\\/ILS3.png\",\"width\":954,\"height\":528,\"caption\":\"Anzeige bei einem Einsatz\"},{\"@type\":\"BreadcrumbList\",\"@id\":\"https:\\\/\\\/www.feuerwehr-poing.de\\\/?page_id=294#breadcrumb\",\"itemListElement\":[{\"@type\":\"ListItem\",\"position\":1,\"name\":\"Startseite\",\"item\":\"https:\\\/\\\/www.feuerwehr-poing.de\\\/\"},{\"@type\":\"ListItem\",\"position\":2,\"name\":\"Fahrzeughalle\"}]},{\"@type\":\"WebSite\",\"@id\":\"https:\\\/\\\/www.feuerwehr-poing.de\\\/#website\",\"url\":\"https:\\\/\\\/www.feuerwehr-poing.de\\\/\",\"name\":\"Freiwillige Feuerwehr Poing\",\"description\":\"Retten - L\u00f6schen - Sch\u00fctzen - Bergen\",\"potentialAction\":[{\"@type\":\"SearchAction\",\"target\":{\"@type\":\"EntryPoint\",\"urlTemplate\":\"https:\\\/\\\/www.feuerwehr-poing.de\\\/?s={search_term_string}\"},\"query-input\":{\"@type\":\"PropertyValueSpecification\",\"valueRequired\":true,\"valueName\":\"search_term_string\"}}],\"inLanguage\":\"de\"}]}<\/script>\n<!-- \/ Yoast SEO plugin. -->","yoast_head_json":{"title":"Fahrzeughalle - Freiwillige Feuerwehr Poing","robots":{"index":"index","follow":"follow","max-snippet":"max-snippet:-1","max-image-preview":"max-image-preview:large","max-video-preview":"max-video-preview:-1"},"canonical":"https:\/\/www.feuerwehr-poing.de\/?page_id=294","og_locale":"de_DE","og_type":"article","og_title":"Fahrzeughalle - Freiwillige Feuerwehr Poing","og_description":"Die Fahrzeughalle bietet Platz f\u00fcr insgesamt 8 Fahrzeuge. Zus\u00e4tzlich gibt es eine weitere Halle, die als Waschhalle fungiert. Sie ist mit einem Hochdruckreiniger sowie einem \u00d6labscheidesystem ausger\u00fcstet. F\u00fcr jeden Fahrzeugstellplatz gibt es eine eigene Abgasabsauganlage. Durch ein vollautomatisches Ladesystem mit prozessorgesteuertem Batterietest und integrierter Stellplatz\u00fcberwachung, sowie einer Druckluftversorgung, kann die Einsatzbereitschaft f\u00fcr jedes Fahrzeug aufrecht [mehr]","og_url":"https:\/\/www.feuerwehr-poing.de\/?page_id=294","og_site_name":"Freiwillige Feuerwehr Poing","article_modified_time":"2019-01-09T19:29:11+00:00","og_image":[{"url":"https:\/\/www.feuerwehr-poing.de\/wp-content\/uploads\/2016\/01\/ILS3-300x166.png","type":"","width":"","height":""}],"twitter_card":"summary_large_image","twitter_misc":{"Gesch\u00e4tzte Lesezeit":"2\u00a0Minuten"},"schema":{"@context":"https:\/\/schema.org","@graph":[{"@type":"WebPage","@id":"https:\/\/www.feuerwehr-poing.de\/?page_id=294","url":"https:\/\/www.feuerwehr-poing.de\/?page_id=294","name":"Fahrzeughalle - Freiwillige Feuerwehr Poing","isPartOf":{"@id":"https:\/\/www.feuerwehr-poing.de\/#website"},"primaryImageOfPage":{"@id":"https:\/\/www.feuerwehr-poing.de\/?page_id=294#primaryimage"},"image":{"@id":"https:\/\/www.feuerwehr-poing.de\/?page_id=294#primaryimage"},"thumbnailUrl":"https:\/\/www.feuerwehr-poing.de\/wp-content\/uploads\/2016\/01\/ILS3-300x166.png","datePublished":"2016-01-24T08:36:11+00:00","dateModified":"2019-01-09T19:29:11+00:00","breadcrumb":{"@id":"https:\/\/www.feuerwehr-poing.de\/?page_id=294#breadcrumb"},"inLanguage":"de","potentialAction":[{"@type":"ReadAction","target":["https:\/\/www.feuerwehr-poing.de\/?page_id=294"]}]},{"@type":"ImageObject","inLanguage":"de","@id":"https:\/\/www.feuerwehr-poing.de\/?page_id=294#primaryimage","url":"https:\/\/www.feuerwehr-poing.de\/wp-content\/uploads\/2016\/01\/ILS3.png","contentUrl":"https:\/\/www.feuerwehr-poing.de\/wp-content\/uploads\/2016\/01\/ILS3.png","width":954,"height":528,"caption":"Anzeige bei einem Einsatz"},{"@type":"BreadcrumbList","@id":"https:\/\/www.feuerwehr-poing.de\/?page_id=294#breadcrumb","itemListElement":[{"@type":"ListItem","position":1,"name":"Startseite","item":"https:\/\/www.feuerwehr-poing.de\/"},{"@type":"ListItem","position":2,"name":"Fahrzeughalle"}]},{"@type":"WebSite","@id":"https:\/\/www.feuerwehr-poing.de\/#website","url":"https:\/\/www.feuerwehr-poing.de\/","name":"Freiwillige Feuerwehr Poing","description":"Retten - L\u00f6schen - Sch\u00fctzen - Bergen","potentialAction":[{"@type":"SearchAction","target":{"@type":"EntryPoint","urlTemplate":"https:\/\/www.feuerwehr-poing.de\/?s={search_term_string}"},"query-input":{"@type":"PropertyValueSpecification","valueRequired":true,"valueName":"search_term_string"}}],"inLanguage":"de"}]}},"_links":{"self":[{"href":"https:\/\/www.feuerwehr-poing.de\/index.php?rest_route=\/wp\/v2\/pages\/294","targetHints":{"allow":["GET"]}}],"collection":[{"href":"https:\/\/www.feuerwehr-poing.de\/index.php?rest_route=\/wp\/v2\/pages"}],"about":[{"href":"https:\/\/www.feuerwehr-poing.de\/index.php?rest_route=\/wp\/v2\/types\/page"}],"author":[{"embeddable":true,"href":"https:\/\/www.feuerwehr-poing.de\/index.php?rest_route=\/wp\/v2\/users\/18"}],"replies":[{"embeddable":true,"href":"https:\/\/www.feuerwehr-poing.de\/index.php?rest_route=%2Fwp%2Fv2%2Fcomments&post=294"}],"version-history":[{"count":39,"href":"https:\/\/www.feuerwehr-poing.de\/index.php?rest_route=\/wp\/v2\/pages\/294\/revisions"}],"predecessor-version":[{"id":5403,"href":"https:\/\/www.feuerwehr-poing.de\/index.php?rest_route=\/wp\/v2\/pages\/294\/revisions\/5403"}],"wp:attachment":[{"href":"https:\/\/www.feuerwehr-poing.de\/index.php?rest_route=%2Fwp%2Fv2%2Fmedia&parent=294"}],"curies":[{"name":"wp","href":"https:\/\/api.w.org\/{rel}","templated":true}]}}