{"id":1730,"date":"2016-06-12T17:34:52","date_gmt":"2016-06-12T15:34:52","guid":{"rendered":"https:\/\/www.feuerwehr-poing.de\/?page_id=1730"},"modified":"2025-07-28T22:44:47","modified_gmt":"2025-07-28T20:44:47","slug":"startseite","status":"publish","type":"page","link":"https:\/\/www.feuerwehr-poing.de\/","title":{"rendered":""},"content":{"rendered":"    <div data-options='{&quot;id&quot;:&quot;1729&quot;,&quot;lazy_load&quot;:&quot;no&quot;,&quot;masonry_enable&quot;:&quot;no&quot;,&quot;view_type&quot;:&quot;grid&quot;}' id=\"post-grid-1729\" class=\"post-grid grid\">\n    \n\n\n    <div class=\"grid-items\">\n      <div class=\"item item-12696 skin flat even 0 \">\n        <div class=\"layer-wrapper layout-\">\n        <div class=\"layer-media\"><a href=\"https:\/\/www.feuerwehr-poing.de\/?p=12696\"><img decoding=\"async\" src=\"https:\/\/www.feuerwehr-poing.de\/wp-content\/uploads\/2025\/08\/suedtiroler_abend_2025-1024x731.jpeg\" \/><\/a><\/div>\n  <div class=\"layer-content\">\n        <div class=\"element element_0  title \">\r\n                    <a target=\"\"\r\n                href=\"https:\/\/www.feuerwehr-poing.de\/?p=12696\">S\u00fcdtiroler Abend<\/a>\r\n            <\/div>\r\n    <div class=\"element element_1  excerpt \">\r\n        Am 11. Oktober ab 18:00 Uhr findet dieses Jahr der S\u00fcdtiroler Abend statt. Platzreservierungen sind ab sofort unter https:\/\/forms.gle\/drBAEiAAWc2ftkL5A m\u00f6glich.            <\/div>\r\n            <a class=\"element element_2  read_more \"\r\n            target=\"\"\r\n            href=\"https:\/\/www.feuerwehr-poing.de\/?p=12696\">Mehr lesen<\/a>\r\n      <\/div>\n    <\/div>\n  <\/div><div class=\"item item-12342 skin flat odd 1 \">\n        <div class=\"layer-wrapper layout-\">\n        <div class=\"layer-media\"><a href=\"https:\/\/www.feuerwehr-poing.de\/?p=12342\"><img decoding=\"async\" alt=\"\" src=\"https:\/\/www.feuerwehr-poing.de\/wp-content\/uploads\/2024\/11\/IMG_8865-768x512.jpeg\" \/><\/a><\/div>\n  <div class=\"layer-content\">\n        <div class=\"element element_0  title \">\r\n                    <a target=\"\"\r\n                href=\"https:\/\/www.feuerwehr-poing.de\/?p=12342\">Dienstversammlung 2024<\/a>\r\n            <\/div>\r\n    <div class=\"element element_1  excerpt \">\r\n        Am gestrigen Freitagabend fand die erste Dienstversammlung des neuen Kommandantentrios der Freiwilligen Feuerwehr Poing unter der Leitung von Kommandant Marcus            <\/div>\r\n            <a class=\"element element_2  read_more \"\r\n            target=\"\"\r\n            href=\"https:\/\/www.feuerwehr-poing.de\/?p=12342\">Mehr lesen<\/a>\r\n      <\/div>\n    <\/div>\n  <\/div><div class=\"item item-12195 skin flat even 2 \">\n        <div class=\"layer-wrapper layout-\">\n        <div class=\"layer-media\"><a href=\"https:\/\/www.feuerwehr-poing.de\/?p=12195\"><img decoding=\"async\" alt=\"\" src=\"https:\/\/www.feuerwehr-poing.de\/wp-content\/uploads\/2024\/09\/IMG_7436-768x515.jpeg\" \/><\/a><\/div>\n  <div class=\"layer-content\">\n        <div class=\"element element_0  title \">\r\n                    <a target=\"\"\r\n                href=\"https:\/\/www.feuerwehr-poing.de\/?p=12195\">Realbrandausbildung in Poing<\/a>\r\n            <\/div>\r\n    <div class=\"element element_1  excerpt \">\r\n        Am Samstag den 07.09.2024 hatten 13 Atemschutzger\u00e4tetr\u00e4ger der Feuerwehr Poing die Gelegenheit an einer gasbefeuerten Realbrandausbildung der Firma \u201eFlashOver GmbH\u201c            <\/div>\r\n            <a class=\"element element_2  read_more \"\r\n            target=\"\"\r\n            href=\"https:\/\/www.feuerwehr-poing.de\/?p=12195\">Mehr lesen<\/a>\r\n      <\/div>\n    <\/div>\n  <\/div>    <\/div>\n    <div class=\"pagination\">\n      <div class=\"paginate\">\n    <span aria-current=\"page\" class=\"page-numbers current\">1<\/span>\n<a class=\"page-numbers\" href=\"https:\/\/www.feuerwehr-poing.de\/index.php?rest_route=%2Fwp%2Fv2%2Fpages%2F1730&#038;paged=2\">2<\/a>\n<a class=\"page-numbers\" href=\"https:\/\/www.feuerwehr-poing.de\/index.php?rest_route=%2Fwp%2Fv2%2Fpages%2F1730&#038;paged=3\">3<\/a>\n<span class=\"page-numbers dots\">&hellip;<\/span>\n<a class=\"page-numbers\" href=\"https:\/\/www.feuerwehr-poing.de\/index.php?rest_route=%2Fwp%2Fv2%2Fpages%2F1730&#038;paged=8\">8<\/a>\n<a class=\"next page-numbers\" href=\"https:\/\/www.feuerwehr-poing.de\/index.php?rest_route=%2Fwp%2Fv2%2Fpages%2F1730&#038;paged=2\">Next \u00bb<\/a>  <\/div>\n  <style type=\"text\/css\">\n    #post-grid-1729 .pagination .page-numbers {\n      font-size: 16px;\n      color: #fff;\n      background: #646464;\n    }\n\n    #post-grid-1729 .pagination .page-numbers:hover,\n    #post-grid-1729 .pagination .page-numbers.current {\n      background: #4b4b4b;\n    }\n  <\/style>\n  <\/div>\n      <style type=\"text\/css\">\n      \/*Write your CSS code here*\/    <\/style>\n      <script>\n          \/*Write your js code here*\/          <\/script>\n    <style type=\"text\/css\">\n    #post-grid-1729 .element_0 {\n      display: block;font-size: 21px;line-height: normal;padding: 5px 10px;text-align: center;    }\n\n    #post-grid-1729 .element_1 {\n      display: block;font-size: 12px;padding: 5px 10px;text-align: center; padding-bottom: 15px;    }\n\n    #post-grid-1729 .element_2 {\n      display: block;font-size: 12px;font-weight: bold;padding: 0 17px;text-align: center;  background-color: #eee; border-radius: 4px; border: 1px solid #bbb; underline: none;    }\n\n    #post-grid-1729 .element_0:hover{}#post-grid-1729 .element_1:hover{}#post-grid-1729 .element_2:hover{text-decoration: none; background-color: #A41C1C; color: #fff;}  <\/style>\n  <style type=\"text\/css\">\n    #post-grid-1729 {\n      padding: 10px;\n      background-color: #fff;\n          }\n\n    #post-grid-1729 .item {\n      padding: 0px;\n      background: #fff;\n          }\n\n    #post-grid-1729 .item .layer-media {\n      height:auto;    }\n\n    @media only screen and (min-width: 0px) and (max-width: 767px) {\n      #post-grid-1729 .grid-items {\n        text-align: center;\n              }\n\n      #post-grid-1729 .item {\n        width: 90%;\n        margin: 5px;\n        display: inline-block;\n        vertical-align: top;\n        height:auto;      }\n    }\n\n    @media only screen and (min-width: 768px) and (max-width: 1023px) {\n      #post-grid-1729 .grid-items {\n        text-align: center;\n              }\n\n      #post-grid-1729 .item {\n        width: 280px;\n        margin: 5px;\n        display: inline-block;\n        vertical-align: top;\n        max-height:auto;      }\n    }\n\n    @media only screen and (min-width: 1024px) {\n      #post-grid-1729 .grid-items {\n        text-align: center;\n              }\n\n      #post-grid-1729 .item {\n        width: 260px;\n        display: inline-block;\n        margin: 5px;\n        vertical-align: top;\n        height:auto;      }\n    }\n\n      <\/style>\n  <\/div>\n\n<h2>letzte Eins\u00e4tze:<\/h2>\n    <div data-options='{&quot;id&quot;:&quot;4442&quot;,&quot;lazy_load&quot;:&quot;no&quot;,&quot;masonry_enable&quot;:&quot;no&quot;,&quot;view_type&quot;:&quot;grid&quot;}' id=\"post-grid-4442\" class=\"post-grid grid\">\n    \n\n\n    <div class=\"grid-items\">\n      <div class=\"item item-13024 skin flat even 0 \">\n        <div class=\"layer-wrapper layout-\">\n        <div class=\"layer-media\"><a href=\"https:\/\/www.feuerwehr-poing.de\/?einsatz=b-bma-brandmeldeanlage-42\"><img decoding=\"async\" alt=\"BMZ Symbolbild\" src=\"https:\/\/www.feuerwehr-poing.de\/wp-content\/uploads\/2018\/09\/BMZ-Symbolbild-300x198.jpg\" \/><\/a><\/div>\n  <div class=\"layer-content\">\n        <div class=\"element element_0  title \">\r\n                    <a target=\"\"\r\n                href=\"https:\/\/www.feuerwehr-poing.de\/?einsatz=b-bma-brandmeldeanlage-42\">B BMA - Brandmeldeanlage<\/a>\r\n            <\/div>\r\n    <div class=\"element element_1  excerpt \">\r\n        Wir werden zu einer ausgel\u00f6sten Brandmeldeanlage im Senioren- und Gemeindezentrum in Anzing alarmiert. Auf der Anfahrt erhalten wir die R\u00fcckmeldung,            <\/div>\r\n            <a class=\"element element_2  read_more \"\r\n            target=\"_parent\"\r\n            href=\"https:\/\/www.feuerwehr-poing.de\/?einsatz=b-bma-brandmeldeanlage-42\">Mehr lesen<\/a>\r\n      <\/div>\n    <\/div>\n  <\/div><div class=\"item item-13017 skin flat odd 1 \">\n        <div class=\"layer-wrapper layout-\">\n        <div class=\"layer-media\"><a href=\"https:\/\/www.feuerwehr-poing.de\/?einsatz=b-3-person-im-gebaeude-person-in-gefahr-rauchmelder-ausgeloest\"><img decoding=\"async\" alt=\"\" src=\"https:\/\/www.feuerwehr-poing.de\/wp-content\/uploads\/2019\/11\/Symbolbild-L\u00f6schen_2-200x300.jpg\" \/><\/a><\/div>\n  <div class=\"layer-content\">\n        <div class=\"element element_0  title \">\r\n                    <a target=\"\"\r\n                href=\"https:\/\/www.feuerwehr-poing.de\/?einsatz=b-3-person-im-gebaeude-person-in-gefahr-rauchmelder-ausgeloest\">B 3 - Person im Geb\u00e4ude (Person in Gefahr, Rauchmelder ausgel\u00f6st)<\/a>\r\n            <\/div>\r\n    <div class=\"element element_1  excerpt \">\r\n        Wir reagieren auf eine Meldung \u00fcber einen ausgel\u00f6sten Rauchmelder und Brandgeruch in einem Wohngeb\u00e4ude in Poing. Bei unserem Eintreffen sind            <\/div>\r\n            <a class=\"element element_2  read_more \"\r\n            target=\"_parent\"\r\n            href=\"https:\/\/www.feuerwehr-poing.de\/?einsatz=b-3-person-im-gebaeude-person-in-gefahr-rauchmelder-ausgeloest\">Mehr lesen<\/a>\r\n      <\/div>\n    <\/div>\n  <\/div><div class=\"item item-13019 skin flat even 2 \">\n        <div class=\"layer-wrapper layout-\">\n        <div class=\"layer-media\"><a href=\"https:\/\/www.feuerwehr-poing.de\/?einsatz=b-bma-brandmeldeanlage-41\"><img decoding=\"async\" alt=\"BMZ Symbolbild\" src=\"https:\/\/www.feuerwehr-poing.de\/wp-content\/uploads\/2018\/09\/BMZ-Symbolbild-300x198.jpg\" \/><\/a><\/div>\n  <div class=\"layer-content\">\n        <div class=\"element element_0  title \">\r\n                    <a target=\"\"\r\n                href=\"https:\/\/www.feuerwehr-poing.de\/?einsatz=b-bma-brandmeldeanlage-41\">B BMA - Brandmeldeanlage<\/a>\r\n            <\/div>\r\n    <div class=\"element element_1  excerpt \">\r\n        Wir werden zu einer ausgel\u00f6sten Brandmeldeanlage mit aktivierter Sprinkleranlage gerufen. Vor Ort kontrollieren wir die betroffenen Bereiche im Untergeschoss, Erdgeschoss            <\/div>\r\n            <a class=\"element element_2  read_more \"\r\n            target=\"_parent\"\r\n            href=\"https:\/\/www.feuerwehr-poing.de\/?einsatz=b-bma-brandmeldeanlage-41\">Mehr lesen<\/a>\r\n      <\/div>\n    <\/div>\n  <\/div>    <\/div>\n        <style type=\"text\/css\">\n      \/*Write your CSS code here*\/    <\/style>\n      <script>\n          \/*Write your js code here*\/          <\/script>\n    <style type=\"text\/css\">\n    #post-grid-4442 .element_0 {\n      display: block;font-size: 21px;line-height: normal;padding: 5px 10px;text-align: left;    }\n\n    #post-grid-4442 .element_1 {\n      display: block;font-size: 12px;padding: 5px 10px;text-align: left;    }\n\n    #post-grid-4442 .element_2 {\n      display: block;\r\n\r\nfont-size: 12px;\r\n\r\nfont-weight: bold;\r\n\r\npadding: 0 17px;\r\n\r\ntext-align: center;\r\n\r\nbackground-color: #eee;\r\n\r\nborder-radius: 4px;\r\n\r\nborder: 1px solid #bbb;    }\n\n    #post-grid-4442 .element_0:hover{}#post-grid-4442 .element_1:hover{}#post-grid-4442 .element_2:hover{text-decoration: none;\r\nbackground-color: #A41C1C;\r\ncolor: #fff;}  <\/style>\n  <style type=\"text\/css\">\n    #post-grid-4442 {\n      padding: 10px;\n      background-color: #fff;\n          }\n\n    #post-grid-4442 .item {\n      background: #fff;\n          }\n\n    #post-grid-4442 .item .layer-media {\n      height:auto;    }\n\n    @media only screen and (min-width: 0px) and (max-width: 767px) {\n      #post-grid-4442 .grid-items {\n        text-align: center;\n              }\n\n      #post-grid-4442 .item {\n        width: 90%;\n        margin: 10px;\n        display: inline-block;\n        vertical-align: top;\n        height:auto;      }\n    }\n\n    @media only screen and (min-width: 768px) and (max-width: 1023px) {\n      #post-grid-4442 .grid-items {\n        text-align: center;\n              }\n\n      #post-grid-4442 .item {\n        width: 280px;\n        margin: 10px;\n        display: inline-block;\n        vertical-align: top;\n        max-height:auto;      }\n    }\n\n    @media only screen and (min-width: 1024px) {\n      #post-grid-4442 .grid-items {\n        text-align: center;\n              }\n\n      #post-grid-4442 .item {\n        width: 280px;\n        display: inline-block;\n        margin: 10px;\n        vertical-align: top;\n        height:auto;      }\n    }\n\n      <\/style>\n  <\/div>\n\n<h2>Termine f\u00fcr die n\u00e4chsten 14 Tage:<\/h2>\n<p><!--[calendar id=\"4440\"]--><br \/>\n<div class=\"r34ics-ajax-container loading\" id=\"r69e57dcb095835e\" data-view=\"list\" data-view-is-list-style=\"1\" data-view-is-list-long=\"1\" data-args=\"cd95d0378f5dca7ede383cc23b75716a1bf3bd1f\" data-js-args=\"{&quot;debug&quot;:null}\">&nbsp;<\/div><\/p>\n<p>&#8230; <a href=\"https:\/\/www.feuerwehr-poing.de\/?page_id=1875\">alle Termine<\/a><\/p>\n","protected":false},"excerpt":{"rendered":"<p>letzte Eins\u00e4tze: Termine f\u00fcr die n\u00e4chsten 14 Tage: &#8230; alle Termine<\/p>\n","protected":false},"author":1,"featured_media":0,"parent":0,"menu_order":0,"comment_status":"closed","ping_status":"closed","template":"","meta":{"ngg_post_thumbnail":0,"footnotes":""},"class_list":["post-1730","page","type-page","status-publish","hentry"],"yoast_head":"<!-- This site is optimized with the Yoast SEO plugin v27.4 - https:\/\/yoast.com\/product\/yoast-seo-wordpress\/ -->\n<title>- Freiwillige Feuerwehr Poing<\/title>\n<meta name=\"robots\" content=\"index, follow, max-snippet:-1, max-image-preview:large, max-video-preview:-1\" \/>\n<link rel=\"canonical\" href=\"https:\/\/www.feuerwehr-poing.de\/\" \/>\n<meta property=\"og:locale\" content=\"de_DE\" \/>\n<meta property=\"og:type\" content=\"article\" \/>\n<meta property=\"og:title\" content=\"- Freiwillige Feuerwehr Poing\" \/>\n<meta property=\"og:description\" content=\"letzte Eins\u00e4tze: Termine f\u00fcr die n\u00e4chsten 14 Tage: &#8230; alle Termine\" \/>\n<meta property=\"og:url\" content=\"https:\/\/www.feuerwehr-poing.de\/\" \/>\n<meta property=\"og:site_name\" content=\"Freiwillige Feuerwehr Poing\" \/>\n<meta property=\"article:modified_time\" content=\"2025-07-28T20:44:47+00:00\" \/>\n<meta name=\"twitter:card\" content=\"summary_large_image\" \/>\n<meta name=\"twitter:label1\" content=\"Gesch\u00e4tzte Lesezeit\" \/>\n\t<meta name=\"twitter:data1\" content=\"1\u00a0Minute\" \/>\n<script type=\"application\/ld+json\" class=\"yoast-schema-graph\">{\"@context\":\"https:\\\/\\\/schema.org\",\"@graph\":[{\"@type\":\"WebPage\",\"@id\":\"https:\\\/\\\/www.feuerwehr-poing.de\\\/\",\"url\":\"https:\\\/\\\/www.feuerwehr-poing.de\\\/\",\"name\":\"- Freiwillige Feuerwehr Poing\",\"isPartOf\":{\"@id\":\"https:\\\/\\\/www.feuerwehr-poing.de\\\/#website\"},\"datePublished\":\"2016-06-12T15:34:52+00:00\",\"dateModified\":\"2025-07-28T20:44:47+00:00\",\"inLanguage\":\"de\",\"potentialAction\":[{\"@type\":\"ReadAction\",\"target\":[\"https:\\\/\\\/www.feuerwehr-poing.de\\\/\"]}]},{\"@type\":\"WebSite\",\"@id\":\"https:\\\/\\\/www.feuerwehr-poing.de\\\/#website\",\"url\":\"https:\\\/\\\/www.feuerwehr-poing.de\\\/\",\"name\":\"Freiwillige Feuerwehr Poing\",\"description\":\"Retten - L\u00f6schen - Sch\u00fctzen - Bergen\",\"potentialAction\":[{\"@type\":\"SearchAction\",\"target\":{\"@type\":\"EntryPoint\",\"urlTemplate\":\"https:\\\/\\\/www.feuerwehr-poing.de\\\/?s={search_term_string}\"},\"query-input\":{\"@type\":\"PropertyValueSpecification\",\"valueRequired\":true,\"valueName\":\"search_term_string\"}}],\"inLanguage\":\"de\"}]}<\/script>\n<!-- \/ Yoast SEO plugin. -->","yoast_head_json":{"title":"- Freiwillige Feuerwehr Poing","robots":{"index":"index","follow":"follow","max-snippet":"max-snippet:-1","max-image-preview":"max-image-preview:large","max-video-preview":"max-video-preview:-1"},"canonical":"https:\/\/www.feuerwehr-poing.de\/","og_locale":"de_DE","og_type":"article","og_title":"- Freiwillige Feuerwehr Poing","og_description":"letzte Eins\u00e4tze: Termine f\u00fcr die n\u00e4chsten 14 Tage: &#8230; alle Termine","og_url":"https:\/\/www.feuerwehr-poing.de\/","og_site_name":"Freiwillige Feuerwehr Poing","article_modified_time":"2025-07-28T20:44:47+00:00","twitter_card":"summary_large_image","twitter_misc":{"Gesch\u00e4tzte Lesezeit":"1\u00a0Minute"},"schema":{"@context":"https:\/\/schema.org","@graph":[{"@type":"WebPage","@id":"https:\/\/www.feuerwehr-poing.de\/","url":"https:\/\/www.feuerwehr-poing.de\/","name":"- Freiwillige Feuerwehr Poing","isPartOf":{"@id":"https:\/\/www.feuerwehr-poing.de\/#website"},"datePublished":"2016-06-12T15:34:52+00:00","dateModified":"2025-07-28T20:44:47+00:00","inLanguage":"de","potentialAction":[{"@type":"ReadAction","target":["https:\/\/www.feuerwehr-poing.de\/"]}]},{"@type":"WebSite","@id":"https:\/\/www.feuerwehr-poing.de\/#website","url":"https:\/\/www.feuerwehr-poing.de\/","name":"Freiwillige Feuerwehr Poing","description":"Retten - L\u00f6schen - Sch\u00fctzen - Bergen","potentialAction":[{"@type":"SearchAction","target":{"@type":"EntryPoint","urlTemplate":"https:\/\/www.feuerwehr-poing.de\/?s={search_term_string}"},"query-input":{"@type":"PropertyValueSpecification","valueRequired":true,"valueName":"search_term_string"}}],"inLanguage":"de"}]}},"_links":{"self":[{"href":"https:\/\/www.feuerwehr-poing.de\/index.php?rest_route=\/wp\/v2\/pages\/1730","targetHints":{"allow":["GET"]}}],"collection":[{"href":"https:\/\/www.feuerwehr-poing.de\/index.php?rest_route=\/wp\/v2\/pages"}],"about":[{"href":"https:\/\/www.feuerwehr-poing.de\/index.php?rest_route=\/wp\/v2\/types\/page"}],"author":[{"embeddable":true,"href":"https:\/\/www.feuerwehr-poing.de\/index.php?rest_route=\/wp\/v2\/users\/1"}],"replies":[{"embeddable":true,"href":"https:\/\/www.feuerwehr-poing.de\/index.php?rest_route=%2Fwp%2Fv2%2Fcomments&post=1730"}],"version-history":[{"count":23,"href":"https:\/\/www.feuerwehr-poing.de\/index.php?rest_route=\/wp\/v2\/pages\/1730\/revisions"}],"predecessor-version":[{"id":12681,"href":"https:\/\/www.feuerwehr-poing.de\/index.php?rest_route=\/wp\/v2\/pages\/1730\/revisions\/12681"}],"wp:attachment":[{"href":"https:\/\/www.feuerwehr-poing.de\/index.php?rest_route=%2Fwp%2Fv2%2Fmedia&parent=1730"}],"curies":[{"name":"wp","href":"https:\/\/api.w.org\/{rel}","templated":true}]}}