{"id":11268,"date":"2023-06-29T16:51:45","date_gmt":"2023-06-29T14:51:45","guid":{"rendered":"https:\/\/www.feuerwehr-poing.de\/?page_id=11268"},"modified":"2024-09-12T10:58:27","modified_gmt":"2024-09-12T08:58:27","slug":"florian-poing-41-1","status":"publish","type":"page","link":"https:\/\/www.feuerwehr-poing.de\/?page_id=11268","title":{"rendered":"Florian Poing 41\/1"},"content":{"rendered":"\n<table id=\"tablepress-33\" class=\"tablepress tablepress-id-33\">\n<tbody class=\"row-striping\">\n<tr class=\"row-1\">\n\t<td class=\"column-1\"><strong>Funkrufname<\/strong><\/td><td class=\"column-2\">\tFlorian Poing 41\/1<\/td>\n<\/tr>\n<tr class=\"row-2\">\n\t<td class=\"column-1\"><strong>Typ<\/strong><\/td><td class=\"column-2\">\tLF 20<br \/>\n<\/td>\n<\/tr>\n<tr class=\"row-3\">\n\t<td class=\"column-1\"><strong>Besatzung<\/strong><\/td><td class=\"column-2\">\t1\/8<\/td>\n<\/tr>\n<tr class=\"row-4\">\n\t<td class=\"column-1\"><strong>Fahrgestell<\/strong><\/td><td class=\"column-2\">\tMAN TGM<\/td>\n<\/tr>\n<tr class=\"row-5\">\n\t<td class=\"column-1\"><strong>Baujahr<\/strong><\/td><td class=\"column-2\">\t\t2024<\/td>\n<\/tr>\n<tr class=\"row-6\">\n\t<td class=\"column-1\"><strong>Aufbau<\/strong><\/td><td class=\"column-2\">\tRosenbauer<\/td>\n<\/tr>\n<tr class=\"row-7\">\n\t<td class=\"column-1\"><strong>Leistung<\/strong><\/td><td class=\"column-2\">320 PS<\/td>\n<\/tr>\n<\/tbody>\n<\/table>\n<!-- #tablepress-33 from cache -->\n<p>Das L\u00f6schgruppenfahrzeug (LF) 20 dient vorwiegend der Brandbek\u00e4mpfung. Es ist mit einem 2500l Wassertank und zus\u00e4tzlich 200l Schaummittelkonzentrat ausgestattet. Neben Strahlrohren und der Schnellangriffseinrichtung kann das L\u00f6schmittel auch durch einen auf dem Dach befindlichen Werfer abgegeben werden. Der Werfer kann vom Fahrer ferngesteuert werden, ein Betrieb w\u00e4hrend der Fahrt (pump &amp; roll) ist m\u00f6glich.<br \/>\nZus\u00e4tzlich zur Normbeladung ist auch Ausstattung zur Vegetationsbrandbek\u00e4mpfung vorhanden.<\/p>\nngg_shortcode_0_placeholder\n","protected":false},"excerpt":{"rendered":"<p>Das L\u00f6schgruppenfahrzeug (LF) 20 dient vorwiegend der Brandbek\u00e4mpfung. Es ist mit einem 2500l Wassertank und zus\u00e4tzlich 200l Schaummittelkonzentrat ausgestattet. Neben Strahlrohren und der Schnellangriffseinrichtung kann das L\u00f6schmittel auch durch einen auf dem Dach befindlichen Werfer abgegeben werden. Der Werfer kann vom Fahrer ferngesteuert werden, ein Betrieb w\u00e4hrend der Fahrt (pump &amp; roll) ist m\u00f6glich. Zus\u00e4tzlich <a class=\"more-link\" href=\"https:\/\/www.feuerwehr-poing.de\/?page_id=11268\">[mehr]<\/a><\/p>\n","protected":false},"author":18,"featured_media":0,"parent":1101,"menu_order":0,"comment_status":"closed","ping_status":"closed","template":"","meta":{"ngg_post_thumbnail":0,"footnotes":""},"class_list":["post-11268","page","type-page","status-publish","hentry"],"yoast_head":"<!-- This site is optimized with the Yoast SEO plugin v27.1.1 - https:\/\/yoast.com\/product\/yoast-seo-wordpress\/ -->\n<title>Florian Poing 41\/1 - Freiwillige Feuerwehr Poing<\/title>\n<meta name=\"robots\" content=\"index, follow, max-snippet:-1, max-image-preview:large, max-video-preview:-1\" \/>\n<link rel=\"canonical\" href=\"https:\/\/www.feuerwehr-poing.de\/?page_id=11268\" \/>\n<meta property=\"og:locale\" content=\"de_DE\" \/>\n<meta property=\"og:type\" content=\"article\" \/>\n<meta property=\"og:title\" content=\"Florian Poing 41\/1 - Freiwillige Feuerwehr Poing\" \/>\n<meta property=\"og:description\" content=\"Das L\u00f6schgruppenfahrzeug (LF) 20 dient vorwiegend der Brandbek\u00e4mpfung. Es ist mit einem 2500l Wassertank und zus\u00e4tzlich 200l Schaummittelkonzentrat ausgestattet. Neben Strahlrohren und der Schnellangriffseinrichtung kann das L\u00f6schmittel auch durch einen auf dem Dach befindlichen Werfer abgegeben werden. Der Werfer kann vom Fahrer ferngesteuert werden, ein Betrieb w\u00e4hrend der Fahrt (pump &amp; roll) ist m\u00f6glich. Zus\u00e4tzlich [mehr]\" \/>\n<meta property=\"og:url\" content=\"https:\/\/www.feuerwehr-poing.de\/?page_id=11268\" \/>\n<meta property=\"og:site_name\" content=\"Freiwillige Feuerwehr Poing\" \/>\n<meta property=\"article:modified_time\" content=\"2024-09-12T08:58:27+00:00\" \/>\n<meta name=\"twitter:card\" content=\"summary_large_image\" \/>\n<meta name=\"twitter:label1\" content=\"Gesch\u00e4tzte Lesezeit\" \/>\n\t<meta name=\"twitter:data1\" content=\"1\u00a0Minute\" \/>\n<script type=\"application\/ld+json\" class=\"yoast-schema-graph\">{\"@context\":\"https:\/\/schema.org\",\"@graph\":[{\"@type\":\"WebPage\",\"@id\":\"https:\/\/www.feuerwehr-poing.de\/?page_id=11268\",\"url\":\"https:\/\/www.feuerwehr-poing.de\/?page_id=11268\",\"name\":\"Florian Poing 41\/1 - Freiwillige Feuerwehr Poing\",\"isPartOf\":{\"@id\":\"https:\/\/www.feuerwehr-poing.de\/#website\"},\"datePublished\":\"2023-06-29T14:51:45+00:00\",\"dateModified\":\"2024-09-12T08:58:27+00:00\",\"breadcrumb\":{\"@id\":\"https:\/\/www.feuerwehr-poing.de\/?page_id=11268#breadcrumb\"},\"inLanguage\":\"de\",\"potentialAction\":[{\"@type\":\"ReadAction\",\"target\":[\"https:\/\/www.feuerwehr-poing.de\/?page_id=11268\"]}]},{\"@type\":\"BreadcrumbList\",\"@id\":\"https:\/\/www.feuerwehr-poing.de\/?page_id=11268#breadcrumb\",\"itemListElement\":[{\"@type\":\"ListItem\",\"position\":1,\"name\":\"Startseite\",\"item\":\"https:\/\/www.feuerwehr-poing.de\/\"},{\"@type\":\"ListItem\",\"position\":2,\"name\":\"Fahrzeuge\",\"item\":\"https:\/\/www.feuerwehr-poing.de\/?page_id=1101\"},{\"@type\":\"ListItem\",\"position\":3,\"name\":\"Florian Poing 41\/1\"}]},{\"@type\":\"WebSite\",\"@id\":\"https:\/\/www.feuerwehr-poing.de\/#website\",\"url\":\"https:\/\/www.feuerwehr-poing.de\/\",\"name\":\"Freiwillige Feuerwehr Poing\",\"description\":\"Retten - L\u00f6schen - Sch\u00fctzen - Bergen\",\"potentialAction\":[{\"@type\":\"SearchAction\",\"target\":{\"@type\":\"EntryPoint\",\"urlTemplate\":\"https:\/\/www.feuerwehr-poing.de\/?s={search_term_string}\"},\"query-input\":{\"@type\":\"PropertyValueSpecification\",\"valueRequired\":true,\"valueName\":\"search_term_string\"}}],\"inLanguage\":\"de\"}]}<\/script>\n<!-- \/ Yoast SEO plugin. -->","yoast_head_json":{"title":"Florian Poing 41\/1 - Freiwillige Feuerwehr Poing","robots":{"index":"index","follow":"follow","max-snippet":"max-snippet:-1","max-image-preview":"max-image-preview:large","max-video-preview":"max-video-preview:-1"},"canonical":"https:\/\/www.feuerwehr-poing.de\/?page_id=11268","og_locale":"de_DE","og_type":"article","og_title":"Florian Poing 41\/1 - Freiwillige Feuerwehr Poing","og_description":"Das L\u00f6schgruppenfahrzeug (LF) 20 dient vorwiegend der Brandbek\u00e4mpfung. Es ist mit einem 2500l Wassertank und zus\u00e4tzlich 200l Schaummittelkonzentrat ausgestattet. Neben Strahlrohren und der Schnellangriffseinrichtung kann das L\u00f6schmittel auch durch einen auf dem Dach befindlichen Werfer abgegeben werden. Der Werfer kann vom Fahrer ferngesteuert werden, ein Betrieb w\u00e4hrend der Fahrt (pump &amp; roll) ist m\u00f6glich. Zus\u00e4tzlich [mehr]","og_url":"https:\/\/www.feuerwehr-poing.de\/?page_id=11268","og_site_name":"Freiwillige Feuerwehr Poing","article_modified_time":"2024-09-12T08:58:27+00:00","twitter_card":"summary_large_image","twitter_misc":{"Gesch\u00e4tzte Lesezeit":"1\u00a0Minute"},"schema":{"@context":"https:\/\/schema.org","@graph":[{"@type":"WebPage","@id":"https:\/\/www.feuerwehr-poing.de\/?page_id=11268","url":"https:\/\/www.feuerwehr-poing.de\/?page_id=11268","name":"Florian Poing 41\/1 - Freiwillige Feuerwehr Poing","isPartOf":{"@id":"https:\/\/www.feuerwehr-poing.de\/#website"},"datePublished":"2023-06-29T14:51:45+00:00","dateModified":"2024-09-12T08:58:27+00:00","breadcrumb":{"@id":"https:\/\/www.feuerwehr-poing.de\/?page_id=11268#breadcrumb"},"inLanguage":"de","potentialAction":[{"@type":"ReadAction","target":["https:\/\/www.feuerwehr-poing.de\/?page_id=11268"]}]},{"@type":"BreadcrumbList","@id":"https:\/\/www.feuerwehr-poing.de\/?page_id=11268#breadcrumb","itemListElement":[{"@type":"ListItem","position":1,"name":"Startseite","item":"https:\/\/www.feuerwehr-poing.de\/"},{"@type":"ListItem","position":2,"name":"Fahrzeuge","item":"https:\/\/www.feuerwehr-poing.de\/?page_id=1101"},{"@type":"ListItem","position":3,"name":"Florian Poing 41\/1"}]},{"@type":"WebSite","@id":"https:\/\/www.feuerwehr-poing.de\/#website","url":"https:\/\/www.feuerwehr-poing.de\/","name":"Freiwillige Feuerwehr Poing","description":"Retten - L\u00f6schen - Sch\u00fctzen - Bergen","potentialAction":[{"@type":"SearchAction","target":{"@type":"EntryPoint","urlTemplate":"https:\/\/www.feuerwehr-poing.de\/?s={search_term_string}"},"query-input":{"@type":"PropertyValueSpecification","valueRequired":true,"valueName":"search_term_string"}}],"inLanguage":"de"}]}},"_links":{"self":[{"href":"https:\/\/www.feuerwehr-poing.de\/index.php?rest_route=\/wp\/v2\/pages\/11268","targetHints":{"allow":["GET"]}}],"collection":[{"href":"https:\/\/www.feuerwehr-poing.de\/index.php?rest_route=\/wp\/v2\/pages"}],"about":[{"href":"https:\/\/www.feuerwehr-poing.de\/index.php?rest_route=\/wp\/v2\/types\/page"}],"author":[{"embeddable":true,"href":"https:\/\/www.feuerwehr-poing.de\/index.php?rest_route=\/wp\/v2\/users\/18"}],"replies":[{"embeddable":true,"href":"https:\/\/www.feuerwehr-poing.de\/index.php?rest_route=%2Fwp%2Fv2%2Fcomments&post=11268"}],"version-history":[{"count":7,"href":"https:\/\/www.feuerwehr-poing.de\/index.php?rest_route=\/wp\/v2\/pages\/11268\/revisions"}],"predecessor-version":[{"id":12218,"href":"https:\/\/www.feuerwehr-poing.de\/index.php?rest_route=\/wp\/v2\/pages\/11268\/revisions\/12218"}],"up":[{"embeddable":true,"href":"https:\/\/www.feuerwehr-poing.de\/index.php?rest_route=\/wp\/v2\/pages\/1101"}],"wp:attachment":[{"href":"https:\/\/www.feuerwehr-poing.de\/index.php?rest_route=%2Fwp%2Fv2%2Fmedia&parent=11268"}],"curies":[{"name":"wp","href":"https:\/\/api.w.org\/{rel}","templated":true}]}}