{"id":1067,"date":"2016-01-24T14:54:23","date_gmt":"2016-01-24T14:54:23","guid":{"rendered":"https:\/\/www.feuerwehr-poing.de\/?page_id=1067"},"modified":"2016-05-03T21:46:44","modified_gmt":"2016-05-03T19:46:44","slug":"verkehrssicherungsanhaenger","status":"publish","type":"page","link":"https:\/\/www.feuerwehr-poing.de\/?page_id=1067","title":{"rendered":"Verkehrssicherungsanh\u00e4nger"},"content":{"rendered":"\n<table id=\"tablepress-8\" class=\"tablepress tablepress-id-8\">\n<tbody class=\"row-striping\">\n<tr class=\"row-1\">\n\t<td class=\"column-1\"><strong>Fahrgestell<\/strong><\/td><td class=\"column-2\">Trebbiner<\/td>\n<\/tr>\n<tr class=\"row-2\">\n\t<td class=\"column-1\"><strong>Ausbau<\/strong><\/td><td class=\"column-2\">\t\tHorizont<\/td>\n<\/tr>\n<tr class=\"row-3\">\n\t<td class=\"column-1\"><strong>Baujahr<\/strong><\/td><td class=\"column-2\">2015<\/td>\n<\/tr>\n<tr class=\"row-4\">\n\t<td class=\"column-1\"><strong>zul\u00e4ssiges Gesamtgewicht<\/strong><\/td><td class=\"column-2\">\t\t750kg\t<\/td>\n<\/tr>\n<\/tbody>\n<\/table>\n<!-- #tablepress-8 from cache -->\n<hr \/>\n<p style=\"text-align: left;\">Der Verkehrssicherungsanh\u00e4nger (VSA) dient \u00fcberwiegend zur Sicherung auf Autobahnen und Bundesstra\u00dfen. Er wird jedoch auch zur Sicherung an anderen Einsatzstellen eingesetzt.<\/p>\n<p><!-- default-view.php -->\n<div\n\tclass=\"ngg-galleryoverview default-view\n\t ngg-ajax-pagination-none\t\"\n\tid=\"ngg-gallery-1845d40759c65128e0fa634459d69d83-1\"\n\tdata-gallery-id=\"19\">\n\n\t\t<!-- Thumbnails -->\n\t\t\t\t<div id=\"ngg-image-0\" class=\"ngg-gallery-thumbnail-box\n\t\t\t\t\t\t\t\t\t\t\t\"\n\t\t\t>\n\t\t\t\t\t\t<div class=\"ngg-gallery-thumbnail\">\n\t\t\t<a href=\"https:\/\/www.feuerwehr-poing.de\/wp-content\/gallery\/VSA\/IMG_3351-Medium.JPG\"\n\t\t\t\ttitle=\"\"\n\t\t\t\tdata-src=\"https:\/\/www.feuerwehr-poing.de\/wp-content\/gallery\/VSA\/IMG_3351-Medium.JPG\"\n\t\t\t\tdata-thumbnail=\"https:\/\/www.feuerwehr-poing.de\/wp-content\/gallery\/VSA\/thumbs\/thumbs_IMG_3351-Medium.JPG\"\n\t\t\t\tdata-image-id=\"183\"\n\t\t\t\tdata-title=\"IMG_3351 (Medium)\"\n\t\t\t\tdata-description=\"\"\n\t\t\t\tdata-image-slug=\"img_3351-medium\"\n\t\t\t\t\t\t\t\t\t\t\t\t\t\t\t\t\t\t\t\tclass=\"ngg-fancybox\" rel=\"1845d40759c65128e0fa634459d69d83\">\n\t\t\t\t\t\t\t\t<img\n\t\t\t\t\ttitle=\"IMG_3351 (Medium)\"\n\t\t\t\t\talt=\"IMG_3351 (Medium)\"\n\t\t\t\t\tsrc=\"https:\/\/www.feuerwehr-poing.de\/wp-content\/gallery\/VSA\/thumbs\/thumbs_IMG_3351-Medium.JPG\"\n\t\t\t\t\twidth=\"240\"\n\t\t\t\t\theight=\"160\"\n\t\t\t\t\tstyle=\"max-width:100%;\"\n\t\t\t\t\/>\n\t\t\t<\/a>\n\t\t<\/div>\n\t\t\t\t\t\t\t<\/div>\n\t\t\t\n\t\t\t\t<div id=\"ngg-image-1\" class=\"ngg-gallery-thumbnail-box\n\t\t\t\t\t\t\t\t\t\t\t\"\n\t\t\t>\n\t\t\t\t\t\t<div class=\"ngg-gallery-thumbnail\">\n\t\t\t<a href=\"https:\/\/www.feuerwehr-poing.de\/wp-content\/gallery\/VSA\/IMG_3354-Medium.JPG\"\n\t\t\t\ttitle=\"\"\n\t\t\t\tdata-src=\"https:\/\/www.feuerwehr-poing.de\/wp-content\/gallery\/VSA\/IMG_3354-Medium.JPG\"\n\t\t\t\tdata-thumbnail=\"https:\/\/www.feuerwehr-poing.de\/wp-content\/gallery\/VSA\/thumbs\/thumbs_IMG_3354-Medium.JPG\"\n\t\t\t\tdata-image-id=\"180\"\n\t\t\t\tdata-title=\"IMG_3354 (Medium)\"\n\t\t\t\tdata-description=\"\"\n\t\t\t\tdata-image-slug=\"img_3354-medium\"\n\t\t\t\t\t\t\t\t\t\t\t\t\t\t\t\t\t\t\t\tclass=\"ngg-fancybox\" rel=\"1845d40759c65128e0fa634459d69d83\">\n\t\t\t\t\t\t\t\t<img\n\t\t\t\t\ttitle=\"IMG_3354 (Medium)\"\n\t\t\t\t\talt=\"IMG_3354 (Medium)\"\n\t\t\t\t\tsrc=\"https:\/\/www.feuerwehr-poing.de\/wp-content\/gallery\/VSA\/thumbs\/thumbs_IMG_3354-Medium.JPG\"\n\t\t\t\t\twidth=\"240\"\n\t\t\t\t\theight=\"160\"\n\t\t\t\t\tstyle=\"max-width:100%;\"\n\t\t\t\t\/>\n\t\t\t<\/a>\n\t\t<\/div>\n\t\t\t\t\t\t\t<\/div>\n\t\t\t\n\t\t\t\t<div id=\"ngg-image-2\" class=\"ngg-gallery-thumbnail-box\n\t\t\t\t\t\t\t\t\t\t\t\"\n\t\t\t>\n\t\t\t\t\t\t<div class=\"ngg-gallery-thumbnail\">\n\t\t\t<a href=\"https:\/\/www.feuerwehr-poing.de\/wp-content\/gallery\/VSA\/IMG_3357-Medium.JPG\"\n\t\t\t\ttitle=\"\"\n\t\t\t\tdata-src=\"https:\/\/www.feuerwehr-poing.de\/wp-content\/gallery\/VSA\/IMG_3357-Medium.JPG\"\n\t\t\t\tdata-thumbnail=\"https:\/\/www.feuerwehr-poing.de\/wp-content\/gallery\/VSA\/thumbs\/thumbs_IMG_3357-Medium.JPG\"\n\t\t\t\tdata-image-id=\"182\"\n\t\t\t\tdata-title=\"IMG_3357 (Medium)\"\n\t\t\t\tdata-description=\"\"\n\t\t\t\tdata-image-slug=\"img_3357-medium\"\n\t\t\t\t\t\t\t\t\t\t\t\t\t\t\t\t\t\t\t\tclass=\"ngg-fancybox\" rel=\"1845d40759c65128e0fa634459d69d83\">\n\t\t\t\t\t\t\t\t<img\n\t\t\t\t\ttitle=\"IMG_3357 (Medium)\"\n\t\t\t\t\talt=\"IMG_3357 (Medium)\"\n\t\t\t\t\tsrc=\"https:\/\/www.feuerwehr-poing.de\/wp-content\/gallery\/VSA\/thumbs\/thumbs_IMG_3357-Medium.JPG\"\n\t\t\t\t\twidth=\"240\"\n\t\t\t\t\theight=\"160\"\n\t\t\t\t\tstyle=\"max-width:100%;\"\n\t\t\t\t\/>\n\t\t\t<\/a>\n\t\t<\/div>\n\t\t\t\t\t\t\t<\/div>\n\t\t\t\n\t\t\t\t<div id=\"ngg-image-3\" class=\"ngg-gallery-thumbnail-box\n\t\t\t\t\t\t\t\t\t\t\t\"\n\t\t\t>\n\t\t\t\t\t\t<div class=\"ngg-gallery-thumbnail\">\n\t\t\t<a href=\"https:\/\/www.feuerwehr-poing.de\/wp-content\/gallery\/VSA\/IMG_3356-Medium.JPG\"\n\t\t\t\ttitle=\"\"\n\t\t\t\tdata-src=\"https:\/\/www.feuerwehr-poing.de\/wp-content\/gallery\/VSA\/IMG_3356-Medium.JPG\"\n\t\t\t\tdata-thumbnail=\"https:\/\/www.feuerwehr-poing.de\/wp-content\/gallery\/VSA\/thumbs\/thumbs_IMG_3356-Medium.JPG\"\n\t\t\t\tdata-image-id=\"181\"\n\t\t\t\tdata-title=\"IMG_3356 (Medium)\"\n\t\t\t\tdata-description=\"\"\n\t\t\t\tdata-image-slug=\"img_3356-medium\"\n\t\t\t\t\t\t\t\t\t\t\t\t\t\t\t\t\t\t\t\tclass=\"ngg-fancybox\" rel=\"1845d40759c65128e0fa634459d69d83\">\n\t\t\t\t\t\t\t\t<img\n\t\t\t\t\ttitle=\"IMG_3356 (Medium)\"\n\t\t\t\t\talt=\"IMG_3356 (Medium)\"\n\t\t\t\t\tsrc=\"https:\/\/www.feuerwehr-poing.de\/wp-content\/gallery\/VSA\/thumbs\/thumbs_IMG_3356-Medium.JPG\"\n\t\t\t\t\twidth=\"240\"\n\t\t\t\t\theight=\"160\"\n\t\t\t\t\tstyle=\"max-width:100%;\"\n\t\t\t\t\/>\n\t\t\t<\/a>\n\t\t<\/div>\n\t\t\t\t\t\t\t<\/div>\n\t\t\t\n\t\t\t\t<div id=\"ngg-image-4\" class=\"ngg-gallery-thumbnail-box\n\t\t\t\t\t\t\t\t\t\t\t\"\n\t\t\t>\n\t\t\t\t\t\t<div class=\"ngg-gallery-thumbnail\">\n\t\t\t<a href=\"https:\/\/www.feuerwehr-poing.de\/wp-content\/gallery\/VSA\/IMG_3352-Medium.JPG\"\n\t\t\t\ttitle=\"\"\n\t\t\t\tdata-src=\"https:\/\/www.feuerwehr-poing.de\/wp-content\/gallery\/VSA\/IMG_3352-Medium.JPG\"\n\t\t\t\tdata-thumbnail=\"https:\/\/www.feuerwehr-poing.de\/wp-content\/gallery\/VSA\/thumbs\/thumbs_IMG_3352-Medium.JPG\"\n\t\t\t\tdata-image-id=\"184\"\n\t\t\t\tdata-title=\"IMG_3352 (Medium)\"\n\t\t\t\tdata-description=\"\"\n\t\t\t\tdata-image-slug=\"img_3352-medium\"\n\t\t\t\t\t\t\t\t\t\t\t\t\t\t\t\t\t\t\t\tclass=\"ngg-fancybox\" rel=\"1845d40759c65128e0fa634459d69d83\">\n\t\t\t\t\t\t\t\t<img\n\t\t\t\t\ttitle=\"IMG_3352 (Medium)\"\n\t\t\t\t\talt=\"IMG_3352 (Medium)\"\n\t\t\t\t\tsrc=\"https:\/\/www.feuerwehr-poing.de\/wp-content\/gallery\/VSA\/thumbs\/thumbs_IMG_3352-Medium.JPG\"\n\t\t\t\t\twidth=\"240\"\n\t\t\t\t\theight=\"160\"\n\t\t\t\t\tstyle=\"max-width:100%;\"\n\t\t\t\t\/>\n\t\t\t<\/a>\n\t\t<\/div>\n\t\t\t\t\t\t\t<\/div>\n\t\t\t\n\t\t\t\t<div id=\"ngg-image-5\" class=\"ngg-gallery-thumbnail-box\n\t\t\t\t\t\t\t\t\t\t\t\"\n\t\t\t>\n\t\t\t\t\t\t<div class=\"ngg-gallery-thumbnail\">\n\t\t\t<a href=\"https:\/\/www.feuerwehr-poing.de\/wp-content\/gallery\/VSA\/IMG_3353-Medium.JPG\"\n\t\t\t\ttitle=\"\"\n\t\t\t\tdata-src=\"https:\/\/www.feuerwehr-poing.de\/wp-content\/gallery\/VSA\/IMG_3353-Medium.JPG\"\n\t\t\t\tdata-thumbnail=\"https:\/\/www.feuerwehr-poing.de\/wp-content\/gallery\/VSA\/thumbs\/thumbs_IMG_3353-Medium.JPG\"\n\t\t\t\tdata-image-id=\"185\"\n\t\t\t\tdata-title=\"IMG_3353 (Medium)\"\n\t\t\t\tdata-description=\"\"\n\t\t\t\tdata-image-slug=\"img_3353-medium\"\n\t\t\t\t\t\t\t\t\t\t\t\t\t\t\t\t\t\t\t\tclass=\"ngg-fancybox\" rel=\"1845d40759c65128e0fa634459d69d83\">\n\t\t\t\t\t\t\t\t<img\n\t\t\t\t\ttitle=\"IMG_3353 (Medium)\"\n\t\t\t\t\talt=\"IMG_3353 (Medium)\"\n\t\t\t\t\tsrc=\"https:\/\/www.feuerwehr-poing.de\/wp-content\/gallery\/VSA\/thumbs\/thumbs_IMG_3353-Medium.JPG\"\n\t\t\t\t\twidth=\"240\"\n\t\t\t\t\theight=\"160\"\n\t\t\t\t\tstyle=\"max-width:100%;\"\n\t\t\t\t\/>\n\t\t\t<\/a>\n\t\t<\/div>\n\t\t\t\t\t\t\t<\/div>\n\t\t\t\n\t\n\t<br style=\"clear: both\" \/>\n\n\t\n\t\t<!-- Pagination -->\n\t\t<div class='ngg-clear'><\/div>\t<\/div>\n<\/p>\n","protected":false},"excerpt":{"rendered":"<p>Der Verkehrssicherungsanh\u00e4nger (VSA) dient \u00fcberwiegend zur Sicherung auf Autobahnen und Bundesstra\u00dfen. Er wird jedoch auch zur Sicherung an anderen Einsatzstellen eingesetzt.<\/p>\n","protected":false},"author":18,"featured_media":0,"parent":1101,"menu_order":0,"comment_status":"closed","ping_status":"closed","template":"","meta":{"ngg_post_thumbnail":0,"footnotes":""},"class_list":["post-1067","page","type-page","status-publish","hentry"],"yoast_head":"<!-- This site is optimized with the Yoast SEO plugin v27.4 - https:\/\/yoast.com\/product\/yoast-seo-wordpress\/ -->\n<title>Verkehrssicherungsanh\u00e4nger - Freiwillige Feuerwehr Poing<\/title>\n<meta name=\"robots\" content=\"index, follow, max-snippet:-1, max-image-preview:large, max-video-preview:-1\" \/>\n<link rel=\"canonical\" href=\"https:\/\/www.feuerwehr-poing.de\/?page_id=1067\" \/>\n<meta property=\"og:locale\" content=\"de_DE\" \/>\n<meta property=\"og:type\" content=\"article\" \/>\n<meta property=\"og:title\" content=\"Verkehrssicherungsanh\u00e4nger - Freiwillige Feuerwehr Poing\" \/>\n<meta property=\"og:description\" content=\"Der Verkehrssicherungsanh\u00e4nger (VSA) dient \u00fcberwiegend zur Sicherung auf Autobahnen und Bundesstra\u00dfen. Er wird jedoch auch zur Sicherung an anderen Einsatzstellen eingesetzt.\" \/>\n<meta property=\"og:url\" content=\"https:\/\/www.feuerwehr-poing.de\/?page_id=1067\" \/>\n<meta property=\"og:site_name\" content=\"Freiwillige Feuerwehr Poing\" \/>\n<meta property=\"article:modified_time\" content=\"2016-05-03T19:46:44+00:00\" \/>\n<meta property=\"og:image\" content=\"https:\/\/www.feuerwehr-poing.de\/index.php\/nextgen-attach_to_post\/preview\/id--1557\" \/>\n<meta name=\"twitter:card\" content=\"summary_large_image\" \/>\n<script type=\"application\/ld+json\" class=\"yoast-schema-graph\">{\"@context\":\"https:\\\/\\\/schema.org\",\"@graph\":[{\"@type\":\"WebPage\",\"@id\":\"https:\\\/\\\/www.feuerwehr-poing.de\\\/?page_id=1067\",\"url\":\"https:\\\/\\\/www.feuerwehr-poing.de\\\/?page_id=1067\",\"name\":\"Verkehrssicherungsanh\u00e4nger - Freiwillige Feuerwehr Poing\",\"isPartOf\":{\"@id\":\"https:\\\/\\\/www.feuerwehr-poing.de\\\/#website\"},\"primaryImageOfPage\":{\"@id\":\"https:\\\/\\\/www.feuerwehr-poing.de\\\/?page_id=1067#primaryimage\"},\"image\":{\"@id\":\"https:\\\/\\\/www.feuerwehr-poing.de\\\/?page_id=1067#primaryimage\"},\"thumbnailUrl\":\"https:\\\/\\\/www.feuerwehr-poing.de\\\/index.php\\\/nextgen-attach_to_post\\\/preview\\\/id--1557\",\"datePublished\":\"2016-01-24T14:54:23+00:00\",\"dateModified\":\"2016-05-03T19:46:44+00:00\",\"breadcrumb\":{\"@id\":\"https:\\\/\\\/www.feuerwehr-poing.de\\\/?page_id=1067#breadcrumb\"},\"inLanguage\":\"de\",\"potentialAction\":[{\"@type\":\"ReadAction\",\"target\":[\"https:\\\/\\\/www.feuerwehr-poing.de\\\/?page_id=1067\"]}]},{\"@type\":\"ImageObject\",\"inLanguage\":\"de\",\"@id\":\"https:\\\/\\\/www.feuerwehr-poing.de\\\/?page_id=1067#primaryimage\",\"url\":\"https:\\\/\\\/www.feuerwehr-poing.de\\\/index.php\\\/nextgen-attach_to_post\\\/preview\\\/id--1557\",\"contentUrl\":\"https:\\\/\\\/www.feuerwehr-poing.de\\\/index.php\\\/nextgen-attach_to_post\\\/preview\\\/id--1557\"},{\"@type\":\"BreadcrumbList\",\"@id\":\"https:\\\/\\\/www.feuerwehr-poing.de\\\/?page_id=1067#breadcrumb\",\"itemListElement\":[{\"@type\":\"ListItem\",\"position\":1,\"name\":\"Startseite\",\"item\":\"https:\\\/\\\/www.feuerwehr-poing.de\\\/\"},{\"@type\":\"ListItem\",\"position\":2,\"name\":\"Fahrzeuge\",\"item\":\"https:\\\/\\\/www.feuerwehr-poing.de\\\/?page_id=1101\"},{\"@type\":\"ListItem\",\"position\":3,\"name\":\"Verkehrssicherungsanh\u00e4nger\"}]},{\"@type\":\"WebSite\",\"@id\":\"https:\\\/\\\/www.feuerwehr-poing.de\\\/#website\",\"url\":\"https:\\\/\\\/www.feuerwehr-poing.de\\\/\",\"name\":\"Freiwillige Feuerwehr Poing\",\"description\":\"Retten - L\u00f6schen - Sch\u00fctzen - Bergen\",\"potentialAction\":[{\"@type\":\"SearchAction\",\"target\":{\"@type\":\"EntryPoint\",\"urlTemplate\":\"https:\\\/\\\/www.feuerwehr-poing.de\\\/?s={search_term_string}\"},\"query-input\":{\"@type\":\"PropertyValueSpecification\",\"valueRequired\":true,\"valueName\":\"search_term_string\"}}],\"inLanguage\":\"de\"}]}<\/script>\n<!-- \/ Yoast SEO plugin. -->","yoast_head_json":{"title":"Verkehrssicherungsanh\u00e4nger - Freiwillige Feuerwehr Poing","robots":{"index":"index","follow":"follow","max-snippet":"max-snippet:-1","max-image-preview":"max-image-preview:large","max-video-preview":"max-video-preview:-1"},"canonical":"https:\/\/www.feuerwehr-poing.de\/?page_id=1067","og_locale":"de_DE","og_type":"article","og_title":"Verkehrssicherungsanh\u00e4nger - Freiwillige Feuerwehr Poing","og_description":"Der Verkehrssicherungsanh\u00e4nger (VSA) dient \u00fcberwiegend zur Sicherung auf Autobahnen und Bundesstra\u00dfen. Er wird jedoch auch zur Sicherung an anderen Einsatzstellen eingesetzt.","og_url":"https:\/\/www.feuerwehr-poing.de\/?page_id=1067","og_site_name":"Freiwillige Feuerwehr Poing","article_modified_time":"2016-05-03T19:46:44+00:00","og_image":[{"url":"https:\/\/www.feuerwehr-poing.de\/index.php\/nextgen-attach_to_post\/preview\/id--1557","type":"","width":"","height":""}],"twitter_card":"summary_large_image","schema":{"@context":"https:\/\/schema.org","@graph":[{"@type":"WebPage","@id":"https:\/\/www.feuerwehr-poing.de\/?page_id=1067","url":"https:\/\/www.feuerwehr-poing.de\/?page_id=1067","name":"Verkehrssicherungsanh\u00e4nger - Freiwillige Feuerwehr Poing","isPartOf":{"@id":"https:\/\/www.feuerwehr-poing.de\/#website"},"primaryImageOfPage":{"@id":"https:\/\/www.feuerwehr-poing.de\/?page_id=1067#primaryimage"},"image":{"@id":"https:\/\/www.feuerwehr-poing.de\/?page_id=1067#primaryimage"},"thumbnailUrl":"https:\/\/www.feuerwehr-poing.de\/index.php\/nextgen-attach_to_post\/preview\/id--1557","datePublished":"2016-01-24T14:54:23+00:00","dateModified":"2016-05-03T19:46:44+00:00","breadcrumb":{"@id":"https:\/\/www.feuerwehr-poing.de\/?page_id=1067#breadcrumb"},"inLanguage":"de","potentialAction":[{"@type":"ReadAction","target":["https:\/\/www.feuerwehr-poing.de\/?page_id=1067"]}]},{"@type":"ImageObject","inLanguage":"de","@id":"https:\/\/www.feuerwehr-poing.de\/?page_id=1067#primaryimage","url":"https:\/\/www.feuerwehr-poing.de\/index.php\/nextgen-attach_to_post\/preview\/id--1557","contentUrl":"https:\/\/www.feuerwehr-poing.de\/index.php\/nextgen-attach_to_post\/preview\/id--1557"},{"@type":"BreadcrumbList","@id":"https:\/\/www.feuerwehr-poing.de\/?page_id=1067#breadcrumb","itemListElement":[{"@type":"ListItem","position":1,"name":"Startseite","item":"https:\/\/www.feuerwehr-poing.de\/"},{"@type":"ListItem","position":2,"name":"Fahrzeuge","item":"https:\/\/www.feuerwehr-poing.de\/?page_id=1101"},{"@type":"ListItem","position":3,"name":"Verkehrssicherungsanh\u00e4nger"}]},{"@type":"WebSite","@id":"https:\/\/www.feuerwehr-poing.de\/#website","url":"https:\/\/www.feuerwehr-poing.de\/","name":"Freiwillige Feuerwehr Poing","description":"Retten - L\u00f6schen - Sch\u00fctzen - Bergen","potentialAction":[{"@type":"SearchAction","target":{"@type":"EntryPoint","urlTemplate":"https:\/\/www.feuerwehr-poing.de\/?s={search_term_string}"},"query-input":{"@type":"PropertyValueSpecification","valueRequired":true,"valueName":"search_term_string"}}],"inLanguage":"de"}]}},"_links":{"self":[{"href":"https:\/\/www.feuerwehr-poing.de\/index.php?rest_route=\/wp\/v2\/pages\/1067","targetHints":{"allow":["GET"]}}],"collection":[{"href":"https:\/\/www.feuerwehr-poing.de\/index.php?rest_route=\/wp\/v2\/pages"}],"about":[{"href":"https:\/\/www.feuerwehr-poing.de\/index.php?rest_route=\/wp\/v2\/types\/page"}],"author":[{"embeddable":true,"href":"https:\/\/www.feuerwehr-poing.de\/index.php?rest_route=\/wp\/v2\/users\/18"}],"replies":[{"embeddable":true,"href":"https:\/\/www.feuerwehr-poing.de\/index.php?rest_route=%2Fwp%2Fv2%2Fcomments&post=1067"}],"version-history":[{"count":8,"href":"https:\/\/www.feuerwehr-poing.de\/index.php?rest_route=\/wp\/v2\/pages\/1067\/revisions"}],"predecessor-version":[{"id":1599,"href":"https:\/\/www.feuerwehr-poing.de\/index.php?rest_route=\/wp\/v2\/pages\/1067\/revisions\/1599"}],"up":[{"embeddable":true,"href":"https:\/\/www.feuerwehr-poing.de\/index.php?rest_route=\/wp\/v2\/pages\/1101"}],"wp:attachment":[{"href":"https:\/\/www.feuerwehr-poing.de\/index.php?rest_route=%2Fwp%2Fv2%2Fmedia&parent=1067"}],"curies":[{"name":"wp","href":"https:\/\/api.w.org\/{rel}","templated":true}]}}