{"id":1031,"date":"2016-01-24T14:42:09","date_gmt":"2016-01-24T14:42:09","guid":{"rendered":"https:\/\/www.feuerwehr-poing.de\/?page_id=1031"},"modified":"2016-07-13T09:41:13","modified_gmt":"2016-07-13T07:41:13","slug":"schlauchpflege","status":"publish","type":"page","link":"https:\/\/www.feuerwehr-poing.de\/?page_id=1031","title":{"rendered":"Schlauchpflege"},"content":{"rendered":"<p style=\"text-align: justify;\">Im Feuerwehrhaus Poing befindet sich eine Schlauchpflegeanlage der Firma Ziegler mit vollautomatischer Schlauchaufh\u00e4ngeanlage. Diese Anlage ben\u00f6tigt nur eine bedienende Person und\u00a0wird zum Reinigen, pr\u00fcfen und wickeln von Feuerwehr DIN Schl\u00e4uchen verwendet.\u00a0Zuerst werden in\u00a0einer Edelstahl Wasch- und Pr\u00fcfwanne\u00a0die in einem Einweichwagen bereits vorgeweichten Schl\u00e4uche durch die Waschanlage gezogen, gereinigt und anschlie\u00dfend gepr\u00fcft. Bei einem Pr\u00fcfdruck von 12\/16 Bar werden die Schl\u00e4uche auf L\u00f6cher und Besch\u00e4digungen kontrolliert.<\/p>\n<p style=\"text-align: center;\"><a href=\"https:\/\/www.feuerwehr-poing.de\/wp-content\/uploads\/2016\/01\/waschanlage1.jpg\" target=\"_blank\" rel=\"attachment wp-att-423\"><img loading=\"lazy\" decoding=\"async\" class=\"alignnone wp-image-423 size-medium\" src=\"https:\/\/www.feuerwehr-poing.de\/wp-content\/uploads\/2016\/01\/waschanlage1-300x200.jpg\" alt=\"waschanlage1\" width=\"300\" height=\"200\" srcset=\"https:\/\/www.feuerwehr-poing.de\/wp-content\/uploads\/2016\/01\/waschanlage1-300x200.jpg 300w, https:\/\/www.feuerwehr-poing.de\/wp-content\/uploads\/2016\/01\/waschanlage1-768x512.jpg 768w, https:\/\/www.feuerwehr-poing.de\/wp-content\/uploads\/2016\/01\/waschanlage1.jpg 1024w\" sizes=\"auto, (max-width: 300px) 100vw, 300px\" \/> \u00a0 \u00a0<\/a> <a href=\"https:\/\/www.feuerwehr-poing.de\/wp-content\/uploads\/2016\/01\/schlacuh2.jpg\" target=\"_blank\" rel=\"attachment wp-att-492\"><img loading=\"lazy\" decoding=\"async\" class=\"alignnone wp-image-492 size-medium\" src=\"https:\/\/www.feuerwehr-poing.de\/wp-content\/uploads\/2016\/01\/schlacuh2-300x200.jpg\" alt=\"schlacuh2\" width=\"300\" height=\"200\" srcset=\"https:\/\/www.feuerwehr-poing.de\/wp-content\/uploads\/2016\/01\/schlacuh2-300x200.jpg 300w, https:\/\/www.feuerwehr-poing.de\/wp-content\/uploads\/2016\/01\/schlacuh2-768x512.jpg 768w, https:\/\/www.feuerwehr-poing.de\/wp-content\/uploads\/2016\/01\/schlacuh2.jpg 1024w\" sizes=\"auto, (max-width: 300px) 100vw, 300px\" \/><\/a><\/p>\n<p style=\"text-align: justify;\">Wenn die Schl\u00e4uche die Pr\u00fcfung bestanden haben, werden sie daraufhin\u00a0in den rund 28,5 Meter hohen Schlauchturm zum Trocknen gezogen und aufgeh\u00e4ngt.\u00a0Im Turm selbst bestehen Trocknungsm\u00f6glichkeiten f\u00fcr 108 Schl\u00e4uche auf 6 Bahnen. Das Auf- und Abh\u00e4ngen geschieht vollautomatisch vom Bedienplatz aus und kann\u00a0mittels Fernbedienung gesteuert werden. Nach einer Trocknungszeit von ca. 3 Tagen (jahreszeitabh\u00e4ngig) werden die Schl\u00e4uche dann wieder vom Turm abgenommen.<\/p>\n<p style=\"text-align: center;\"><a href=\"https:\/\/www.feuerwehr-poing.de\/wp-content\/uploads\/2016\/01\/turm1-e1453640758743.jpg\" target=\"_blank\" rel=\"attachment wp-att-421\"><img loading=\"lazy\" decoding=\"async\" class=\"alignnone wp-image-421 size-medium\" src=\"https:\/\/www.feuerwehr-poing.de\/wp-content\/uploads\/2016\/01\/turm1-e1453640758743-200x300.jpg\" alt=\"turm1\" width=\"200\" height=\"300\" srcset=\"https:\/\/www.feuerwehr-poing.de\/wp-content\/uploads\/2016\/01\/turm1-e1453640758743-200x300.jpg 200w, https:\/\/www.feuerwehr-poing.de\/wp-content\/uploads\/2016\/01\/turm1-e1453640758743.jpg 682w\" sizes=\"auto, (max-width: 200px) 100vw, 200px\" \/><\/a><a href=\"https:\/\/www.feuerwehr-poing.de\/wp-content\/uploads\/2016\/01\/turmaufh\u00e4ng1.jpg\">\u00a0\u00a0\u00a0\u00a0 <img loading=\"lazy\" decoding=\"async\" class=\"alignnone wp-image-1662 size-medium\" src=\"https:\/\/www.feuerwehr-poing.de\/wp-content\/uploads\/2016\/01\/turmaufh\u00e4ng1-e1462309138297-200x300.jpg\" alt=\"turmaufh\u00e4ng1\" width=\"200\" height=\"300\" srcset=\"https:\/\/www.feuerwehr-poing.de\/wp-content\/uploads\/2016\/01\/turmaufh\u00e4ng1-e1462309138297-200x300.jpg 200w, https:\/\/www.feuerwehr-poing.de\/wp-content\/uploads\/2016\/01\/turmaufh\u00e4ng1-e1462309138297.jpg 682w\" sizes=\"auto, (max-width: 200px) 100vw, 200px\" \/><\/a><\/p>\n<p style=\"text-align: center;\">Die Lagerung aller Schl\u00e4uche findet in einen seperaten Raum direkt neben der Schlauchpflegeanlage statt.<\/p>\n<p style=\"text-align: center;\"><a href=\"https:\/\/www.feuerwehr-poing.de\/wp-content\/uploads\/2016\/01\/Schlacuhlager1.jpg\" target=\"_blank\" rel=\"attachment wp-att-420\"><img loading=\"lazy\" decoding=\"async\" class=\"aligncenter wp-image-420 size-medium\" src=\"https:\/\/www.feuerwehr-poing.de\/wp-content\/uploads\/2016\/01\/Schlacuhlager1-300x200.jpg\" alt=\"Schlacuhlager1\" width=\"300\" height=\"200\" srcset=\"https:\/\/www.feuerwehr-poing.de\/wp-content\/uploads\/2016\/01\/Schlacuhlager1-300x200.jpg 300w, https:\/\/www.feuerwehr-poing.de\/wp-content\/uploads\/2016\/01\/Schlacuhlager1-768x512.jpg 768w, https:\/\/www.feuerwehr-poing.de\/wp-content\/uploads\/2016\/01\/Schlacuhlager1.jpg 1024w\" sizes=\"auto, (max-width: 300px) 100vw, 300px\" \/><\/a><\/p>\n<p style=\"text-align: center;\">\n","protected":false},"excerpt":{"rendered":"<p>Im Feuerwehrhaus Poing befindet sich eine Schlauchpflegeanlage der Firma Ziegler mit vollautomatischer Schlauchaufh\u00e4ngeanlage. Diese Anlage ben\u00f6tigt nur eine bedienende Person und\u00a0wird zum Reinigen, pr\u00fcfen und wickeln von Feuerwehr DIN Schl\u00e4uchen verwendet.\u00a0Zuerst werden in\u00a0einer Edelstahl Wasch- und Pr\u00fcfwanne\u00a0die in einem Einweichwagen bereits vorgeweichten Schl\u00e4uche durch die Waschanlage gezogen, gereinigt und anschlie\u00dfend gepr\u00fcft. Bei einem Pr\u00fcfdruck von <a class=\"more-link\" href=\"https:\/\/www.feuerwehr-poing.de\/?page_id=1031\">[mehr]<\/a><\/p>\n","protected":false},"author":18,"featured_media":0,"parent":1099,"menu_order":0,"comment_status":"closed","ping_status":"closed","template":"","meta":{"ngg_post_thumbnail":0,"footnotes":""},"class_list":["post-1031","page","type-page","status-publish","hentry"],"yoast_head":"<!-- This site is optimized with the Yoast SEO plugin v27.1.1 - https:\/\/yoast.com\/product\/yoast-seo-wordpress\/ -->\n<title>Schlauchpflege - Freiwillige Feuerwehr Poing<\/title>\n<meta name=\"robots\" content=\"index, follow, max-snippet:-1, max-image-preview:large, max-video-preview:-1\" \/>\n<link rel=\"canonical\" href=\"https:\/\/www.feuerwehr-poing.de\/?page_id=1031\" \/>\n<meta property=\"og:locale\" content=\"de_DE\" \/>\n<meta property=\"og:type\" content=\"article\" \/>\n<meta property=\"og:title\" content=\"Schlauchpflege - Freiwillige Feuerwehr Poing\" \/>\n<meta property=\"og:description\" content=\"Im Feuerwehrhaus Poing befindet sich eine Schlauchpflegeanlage der Firma Ziegler mit vollautomatischer Schlauchaufh\u00e4ngeanlage. Diese Anlage ben\u00f6tigt nur eine bedienende Person und\u00a0wird zum Reinigen, pr\u00fcfen und wickeln von Feuerwehr DIN Schl\u00e4uchen verwendet.\u00a0Zuerst werden in\u00a0einer Edelstahl Wasch- und Pr\u00fcfwanne\u00a0die in einem Einweichwagen bereits vorgeweichten Schl\u00e4uche durch die Waschanlage gezogen, gereinigt und anschlie\u00dfend gepr\u00fcft. Bei einem Pr\u00fcfdruck von [mehr]\" \/>\n<meta property=\"og:url\" content=\"https:\/\/www.feuerwehr-poing.de\/?page_id=1031\" \/>\n<meta property=\"og:site_name\" content=\"Freiwillige Feuerwehr Poing\" \/>\n<meta property=\"article:modified_time\" content=\"2016-07-13T07:41:13+00:00\" \/>\n<meta property=\"og:image\" content=\"https:\/\/www.feuerwehr-poing.de\/wp-content\/uploads\/2016\/01\/waschanlage1-300x200.jpg\" \/>\n<meta name=\"twitter:card\" content=\"summary_large_image\" \/>\n<meta name=\"twitter:label1\" content=\"Gesch\u00e4tzte Lesezeit\" \/>\n\t<meta name=\"twitter:data1\" content=\"1\u00a0Minute\" \/>\n<script type=\"application\/ld+json\" class=\"yoast-schema-graph\">{\"@context\":\"https:\/\/schema.org\",\"@graph\":[{\"@type\":\"WebPage\",\"@id\":\"https:\/\/www.feuerwehr-poing.de\/?page_id=1031\",\"url\":\"https:\/\/www.feuerwehr-poing.de\/?page_id=1031\",\"name\":\"Schlauchpflege - Freiwillige Feuerwehr Poing\",\"isPartOf\":{\"@id\":\"https:\/\/www.feuerwehr-poing.de\/#website\"},\"primaryImageOfPage\":{\"@id\":\"https:\/\/www.feuerwehr-poing.de\/?page_id=1031#primaryimage\"},\"image\":{\"@id\":\"https:\/\/www.feuerwehr-poing.de\/?page_id=1031#primaryimage\"},\"thumbnailUrl\":\"https:\/\/www.feuerwehr-poing.de\/wp-content\/uploads\/2016\/01\/waschanlage1-300x200.jpg\",\"datePublished\":\"2016-01-24T14:42:09+00:00\",\"dateModified\":\"2016-07-13T07:41:13+00:00\",\"breadcrumb\":{\"@id\":\"https:\/\/www.feuerwehr-poing.de\/?page_id=1031#breadcrumb\"},\"inLanguage\":\"de\",\"potentialAction\":[{\"@type\":\"ReadAction\",\"target\":[\"https:\/\/www.feuerwehr-poing.de\/?page_id=1031\"]}]},{\"@type\":\"ImageObject\",\"inLanguage\":\"de\",\"@id\":\"https:\/\/www.feuerwehr-poing.de\/?page_id=1031#primaryimage\",\"url\":\"https:\/\/www.feuerwehr-poing.de\/wp-content\/uploads\/2016\/01\/waschanlage1.jpg\",\"contentUrl\":\"https:\/\/www.feuerwehr-poing.de\/wp-content\/uploads\/2016\/01\/waschanlage1.jpg\",\"width\":1024,\"height\":682},{\"@type\":\"BreadcrumbList\",\"@id\":\"https:\/\/www.feuerwehr-poing.de\/?page_id=1031#breadcrumb\",\"itemListElement\":[{\"@type\":\"ListItem\",\"position\":1,\"name\":\"Startseite\",\"item\":\"https:\/\/www.feuerwehr-poing.de\/\"},{\"@type\":\"ListItem\",\"position\":2,\"name\":\"META-geraetehaus\",\"item\":\"https:\/\/www.feuerwehr-poing.de\/?page_id=1099\"},{\"@type\":\"ListItem\",\"position\":3,\"name\":\"Schlauchpflege\"}]},{\"@type\":\"WebSite\",\"@id\":\"https:\/\/www.feuerwehr-poing.de\/#website\",\"url\":\"https:\/\/www.feuerwehr-poing.de\/\",\"name\":\"Freiwillige Feuerwehr Poing\",\"description\":\"Retten - L\u00f6schen - Sch\u00fctzen - Bergen\",\"potentialAction\":[{\"@type\":\"SearchAction\",\"target\":{\"@type\":\"EntryPoint\",\"urlTemplate\":\"https:\/\/www.feuerwehr-poing.de\/?s={search_term_string}\"},\"query-input\":{\"@type\":\"PropertyValueSpecification\",\"valueRequired\":true,\"valueName\":\"search_term_string\"}}],\"inLanguage\":\"de\"}]}<\/script>\n<!-- \/ Yoast SEO plugin. -->","yoast_head_json":{"title":"Schlauchpflege - Freiwillige Feuerwehr Poing","robots":{"index":"index","follow":"follow","max-snippet":"max-snippet:-1","max-image-preview":"max-image-preview:large","max-video-preview":"max-video-preview:-1"},"canonical":"https:\/\/www.feuerwehr-poing.de\/?page_id=1031","og_locale":"de_DE","og_type":"article","og_title":"Schlauchpflege - Freiwillige Feuerwehr Poing","og_description":"Im Feuerwehrhaus Poing befindet sich eine Schlauchpflegeanlage der Firma Ziegler mit vollautomatischer Schlauchaufh\u00e4ngeanlage. Diese Anlage ben\u00f6tigt nur eine bedienende Person und\u00a0wird zum Reinigen, pr\u00fcfen und wickeln von Feuerwehr DIN Schl\u00e4uchen verwendet.\u00a0Zuerst werden in\u00a0einer Edelstahl Wasch- und Pr\u00fcfwanne\u00a0die in einem Einweichwagen bereits vorgeweichten Schl\u00e4uche durch die Waschanlage gezogen, gereinigt und anschlie\u00dfend gepr\u00fcft. Bei einem Pr\u00fcfdruck von [mehr]","og_url":"https:\/\/www.feuerwehr-poing.de\/?page_id=1031","og_site_name":"Freiwillige Feuerwehr Poing","article_modified_time":"2016-07-13T07:41:13+00:00","og_image":[{"url":"https:\/\/www.feuerwehr-poing.de\/wp-content\/uploads\/2016\/01\/waschanlage1-300x200.jpg","type":"","width":"","height":""}],"twitter_card":"summary_large_image","twitter_misc":{"Gesch\u00e4tzte Lesezeit":"1\u00a0Minute"},"schema":{"@context":"https:\/\/schema.org","@graph":[{"@type":"WebPage","@id":"https:\/\/www.feuerwehr-poing.de\/?page_id=1031","url":"https:\/\/www.feuerwehr-poing.de\/?page_id=1031","name":"Schlauchpflege - Freiwillige Feuerwehr Poing","isPartOf":{"@id":"https:\/\/www.feuerwehr-poing.de\/#website"},"primaryImageOfPage":{"@id":"https:\/\/www.feuerwehr-poing.de\/?page_id=1031#primaryimage"},"image":{"@id":"https:\/\/www.feuerwehr-poing.de\/?page_id=1031#primaryimage"},"thumbnailUrl":"https:\/\/www.feuerwehr-poing.de\/wp-content\/uploads\/2016\/01\/waschanlage1-300x200.jpg","datePublished":"2016-01-24T14:42:09+00:00","dateModified":"2016-07-13T07:41:13+00:00","breadcrumb":{"@id":"https:\/\/www.feuerwehr-poing.de\/?page_id=1031#breadcrumb"},"inLanguage":"de","potentialAction":[{"@type":"ReadAction","target":["https:\/\/www.feuerwehr-poing.de\/?page_id=1031"]}]},{"@type":"ImageObject","inLanguage":"de","@id":"https:\/\/www.feuerwehr-poing.de\/?page_id=1031#primaryimage","url":"https:\/\/www.feuerwehr-poing.de\/wp-content\/uploads\/2016\/01\/waschanlage1.jpg","contentUrl":"https:\/\/www.feuerwehr-poing.de\/wp-content\/uploads\/2016\/01\/waschanlage1.jpg","width":1024,"height":682},{"@type":"BreadcrumbList","@id":"https:\/\/www.feuerwehr-poing.de\/?page_id=1031#breadcrumb","itemListElement":[{"@type":"ListItem","position":1,"name":"Startseite","item":"https:\/\/www.feuerwehr-poing.de\/"},{"@type":"ListItem","position":2,"name":"META-geraetehaus","item":"https:\/\/www.feuerwehr-poing.de\/?page_id=1099"},{"@type":"ListItem","position":3,"name":"Schlauchpflege"}]},{"@type":"WebSite","@id":"https:\/\/www.feuerwehr-poing.de\/#website","url":"https:\/\/www.feuerwehr-poing.de\/","name":"Freiwillige Feuerwehr Poing","description":"Retten - L\u00f6schen - Sch\u00fctzen - Bergen","potentialAction":[{"@type":"SearchAction","target":{"@type":"EntryPoint","urlTemplate":"https:\/\/www.feuerwehr-poing.de\/?s={search_term_string}"},"query-input":{"@type":"PropertyValueSpecification","valueRequired":true,"valueName":"search_term_string"}}],"inLanguage":"de"}]}},"_links":{"self":[{"href":"https:\/\/www.feuerwehr-poing.de\/index.php?rest_route=\/wp\/v2\/pages\/1031","targetHints":{"allow":["GET"]}}],"collection":[{"href":"https:\/\/www.feuerwehr-poing.de\/index.php?rest_route=\/wp\/v2\/pages"}],"about":[{"href":"https:\/\/www.feuerwehr-poing.de\/index.php?rest_route=\/wp\/v2\/types\/page"}],"author":[{"embeddable":true,"href":"https:\/\/www.feuerwehr-poing.de\/index.php?rest_route=\/wp\/v2\/users\/18"}],"replies":[{"embeddable":true,"href":"https:\/\/www.feuerwehr-poing.de\/index.php?rest_route=%2Fwp%2Fv2%2Fcomments&post=1031"}],"version-history":[{"count":10,"href":"https:\/\/www.feuerwehr-poing.de\/index.php?rest_route=\/wp\/v2\/pages\/1031\/revisions"}],"predecessor-version":[{"id":2471,"href":"https:\/\/www.feuerwehr-poing.de\/index.php?rest_route=\/wp\/v2\/pages\/1031\/revisions\/2471"}],"up":[{"embeddable":true,"href":"https:\/\/www.feuerwehr-poing.de\/index.php?rest_route=\/wp\/v2\/pages\/1099"}],"wp:attachment":[{"href":"https:\/\/www.feuerwehr-poing.de\/index.php?rest_route=%2Fwp%2Fv2%2Fmedia&parent=1031"}],"curies":[{"name":"wp","href":"https:\/\/api.w.org\/{rel}","templated":true}]}}